{"id":72810,"date":"2025-10-21T16:57:48","date_gmt":"2025-10-21T20:57:48","guid":{"rendered":"https:\/\/fej-canada.ca\/evenement-du-tirage-au-sort-fej-2025\/"},"modified":"2025-10-24T12:04:47","modified_gmt":"2025-10-24T16:04:47","slug":"evenement-du-tirage-au-sort-fej-2025","status":"publish","type":"page","link":"https:\/\/fej-canada.ca\/fr\/evenement-du-tirage-au-sort-fej-2025\/","title":{"rendered":"\u00c9v\u00e9nement du tirage au sort FEJ 2025"},"content":{"rendered":"<p>[et_pb_section fb_built=&#8221;1&#8243; custom_padding_last_edited=&#8221;on|phone&#8221; admin_label=&#8221;Header&#8221; _builder_version=&#8221;4.27.4&#8243; _module_preset=&#8221;default&#8221; background_color=&#8221;RGBA(255,255,255,0)&#8221; background_image=&#8221;https:\/\/fej-canada.ca\/wp-content\/uploads\/Screenshot-2025-10-18-at-10.16.05-AM.png&#8221; parallax=&#8221;on&#8221; background_blend=&#8221;hard-light&#8221; custom_padding=&#8221;0px|60px|0px|60px|true|true&#8221; custom_padding_tablet=&#8221;10%|10%|10%|10%|true|true&#8221; custom_padding_phone=&#8221;10%|10%|10%|10%|true|true&#8221; da_disable_devices=&#8221;off|off|off&#8221; collapsed=&#8221;on&#8221; global_colors_info=&#8221;{}&#8221; da_is_popup=&#8221;off&#8221; da_exit_intent=&#8221;off&#8221; da_has_close=&#8221;on&#8221; da_alt_close=&#8221;off&#8221; da_dark_close=&#8221;off&#8221; da_not_modal=&#8221;on&#8221; da_is_singular=&#8221;off&#8221; da_with_loader=&#8221;off&#8221; da_has_shadow=&#8221;on&#8221;][et_pb_row _builder_version=&#8221;4.25.1&#8243; _module_preset=&#8221;default&#8221; width=&#8221;100%&#8221; max_width=&#8221;none&#8221; custom_padding=&#8221;||0px||false|false&#8221; global_colors_info=&#8221;{}&#8221;][et_pb_column type=&#8221;4_4&#8243; _builder_version=&#8221;4.25.1&#8243; _module_preset=&#8221;default&#8221; global_colors_info=&#8221;{}&#8221;][et_pb_heading title=&#8221;Il faut tout un village \u2014 et un seul billet.&#8221; _builder_version=&#8221;4.27.4&#8243; _module_preset=&#8221;755f0ef8-724c-488e-8095-392bc062f9ee&#8221; title_text_color=&#8221;#FFFFFF&#8221; background_color=&#8221;rgba(35,35,35,0)&#8221; text_shadow_style=&#8221;preset2&#8243; locked=&#8221;off&#8221; global_colors_info=&#8221;{}&#8221;][\/et_pb_heading][\/et_pb_column][\/et_pb_row][et_pb_row column_structure=&#8221;2_3,1_3&#8243; _builder_version=&#8221;4.27.4&#8243; _module_preset=&#8221;default&#8221; background_enable_image=&#8221;off&#8221; width=&#8221;100%&#8221; max_width=&#8221;none&#8221; min_height=&#8221;234.6px&#8221; custom_padding=&#8221;||||false|false&#8221; global_colors_info=&#8221;{}&#8221;][et_pb_column type=&#8221;2_3&#8243; _builder_version=&#8221;4.25.1&#8243; _module_preset=&#8221;default&#8221; global_colors_info=&#8221;{}&#8221;][et_pb_text _builder_version=&#8221;4.27.4&#8243; _module_preset=&#8221;c670887b-f309-4224-8469-61e108575075&#8243; text_font=&#8221;Inter||on||||||&#8221; text_font_size=&#8221;22px&#8221; background_color=&#8221;RGBA(255,255,255,0)&#8221; max_width=&#8221;900px&#8221; module_alignment=&#8221;left&#8221; text_font_size_tablet=&#8221;22px&#8221; text_font_size_phone=&#8221;22px&#8221; text_font_size_last_edited=&#8221;on|phone&#8221; inline_fonts=&#8221;Almarai&#8221; global_colors_info=&#8221;{}&#8221;]<\/p>\n<p>Chaque enfant m\u00e9rite la chance de r\u00eaver, d\u2019apprendre et de r\u00e9ussir.<br \/>En achetant un billet de tirage, vous ne participez pas seulement pour gagner \u2014 vous rejoignez un village de personnes engag\u00e9es \u00e0 offrir aux \u00e9l\u00e8ves vuln\u00e9rables en Ha\u00efti l\u2019acc\u00e8s \u00e0 l\u2019\u00e9ducation, \u00e0 l\u2019espoir et aux opportunit\u00e9s.<br \/>Ensemble, nous pouvons faire une diff\u00e9rence durable, un billet \u00e0 la fois. <\/p>\n<p>[\/et_pb_text][\/et_pb_column][et_pb_column type=&#8221;1_3&#8243; _builder_version=&#8221;4.25.1&#8243; _module_preset=&#8221;default&#8221; global_colors_info=&#8221;{}&#8221;][et_pb_button button_url=&#8221;@ET-DC@eyJkeW5hbWljIjp0cnVlLCJjb250ZW50IjoicG9zdF9saW5rX3VybF9wYWdlIiwic2V0dGluZ3MiOnsicG9zdF9pZCI6IjcyNzkzIn19@&#8221; button_text=&#8221;ACHETEZ VOTRE BILLET MAINTENANT&#8221; _builder_version=&#8221;4.27.4&#8243; _dynamic_attributes=&#8221;button_url&#8221; _module_preset=&#8221;45008109-9f88-4f53-ba01-11aef690b7be&#8221; button_text_size=&#8221;20px&#8221; custom_margin=&#8221;||20px||false|false&#8221; custom_padding=&#8221;12px|0px|12px|0px|true|true&#8221; locked=&#8221;off&#8221; global_colors_info=&#8221;{%22gcid-primary-color%22:%91%22button_text_color%22%93}&#8221;][\/et_pb_button][\/et_pb_column][\/et_pb_row][\/et_pb_section][et_pb_section fb_built=&#8221;1&#8243; admin_label=&#8221;About&#8221; _builder_version=&#8221;4.27.4&#8243; _module_preset=&#8221;default&#8221; background_color=&#8221;RGBA(255,255,255,0)&#8221; background_image=&#8221;https:\/\/fej-canada.ca\/wp-content\/uploads\/eatery-03.jpg&#8221; custom_padding=&#8221;85px||44px|||&#8221; da_disable_devices=&#8221;off|off|off&#8221; collapsed=&#8221;on&#8221; global_colors_info=&#8221;{}&#8221; da_is_popup=&#8221;off&#8221; da_exit_intent=&#8221;off&#8221; da_has_close=&#8221;on&#8221; da_alt_close=&#8221;off&#8221; da_dark_close=&#8221;off&#8221; da_not_modal=&#8221;on&#8221; da_is_singular=&#8221;off&#8221; da_with_loader=&#8221;off&#8221; da_has_shadow=&#8221;on&#8221;][et_pb_row _builder_version=&#8221;4.27.4&#8243; _module_preset=&#8221;default&#8221; max_width=&#8221;1280px&#8221; custom_margin=&#8221;|auto|34px|auto||&#8221; custom_padding=&#8221;35px|||||&#8221; global_colors_info=&#8221;{}&#8221;][et_pb_column type=&#8221;4_4&#8243; _builder_version=&#8221;4.25.1&#8243; _module_preset=&#8221;default&#8221; global_colors_info=&#8221;{}&#8221;][et_pb_heading title=&#8221;\u00c0 propos de l&#039;\u00e9venement&#8221; _builder_version=&#8221;4.27.4&#8243; _module_preset=&#8221;06aa74f6-0f49-4194-a764-bdf3fc1a48ae&#8221; global_colors_info=&#8221;{}&#8221;][\/et_pb_heading][et_pb_text _builder_version=&#8221;4.27.4&#8243; _module_preset=&#8221;cb79ec09-0f21-4609-9d79-47383a78197a&#8221; text_text_color=&#8221;gcid-86ee591c-4da3-4dac-accf-8ac43e888cc3&#8243; custom_padding=&#8221;||0px|||&#8221; global_colors_info=&#8221;{%22gcid-5ce2ff5c-ec55-4afe-b04f-cda004e53cb8%22:%91%22link_text_color%22,%22quote_text_color%22,%22quote_border_color%22%93,%22gcid-86ee591c-4da3-4dac-accf-8ac43e888cc3%22:%91%22text_text_color%22%93}&#8221;]<\/p>\n<p>Le tirage FEJ et l\u2019encan silencieux d\u2019art auront lieu le samedi 28 novembre 2025 au Caf\u00e9 &amp; Bar RITMO (1781, rue Saint-Denis, Montr\u00e9al).<\/p>\n<p>C\u2019est bien plus qu\u2019un tirage \u2014 c\u2019est une rencontre de communaut\u00e9, de cr\u00e9ativit\u00e9 et de compassion.<br \/>Chaque billet achet\u00e9 nous rapproche de notre mission : offrir aux enfants vuln\u00e9rables d\u2019Ha\u00efti un acc\u00e8s \u00e0 une \u00e9ducation de qualit\u00e9 et \u00e0 un avenir plus lumineux.<br \/>Venez pour les prix, restez pour la cause. \ud83d\udc99<\/p>\n<p>[\/et_pb_text][et_pb_button button_url=&#8221;@ET-DC@eyJkeW5hbWljIjp0cnVlLCJjb250ZW50IjoicG9zdF9saW5rX3VybF9wYWdlIiwic2V0dGluZ3MiOnsicG9zdF9pZCI6IjcyNzkzIn19@&#8221; button_text=&#8221;ACHETEZ VOTRE BILLET MAINTENANT&#8221; _builder_version=&#8221;4.27.4&#8243; _dynamic_attributes=&#8221;button_url&#8221; _module_preset=&#8221;default&#8221; custom_button=&#8221;on&#8221; button_text_size=&#8221;24px&#8221; button_text_color=&#8221;#ffffff&#8221; global_colors_info=&#8221;{}&#8221;][\/et_pb_button][et_pb_image src=&#8221;https:\/\/fej-canada.ca\/wp-content\/uploads\/Screenshot-2025-10-18-at-6.06.40-PM.png&#8221; title_text=&#8221;Changez une vie&#8221; url=&#8221;@ET-DC@eyJkeW5hbWljIjp0cnVlLCJjb250ZW50IjoicG9zdF9saW5rX3VybF9wYWdlIiwic2V0dGluZ3MiOnsicG9zdF9pZCI6IjcyNzkzIn19@&#8221; _builder_version=&#8221;4.27.4&#8243; _dynamic_attributes=&#8221;url&#8221; _module_preset=&#8221;default&#8221; global_colors_info=&#8221;{}&#8221;][\/et_pb_image][\/et_pb_column][\/et_pb_row][\/et_pb_section][et_pb_section fb_built=&#8221;1&#8243; admin_label=&#8221;Call to Action&#8221; _builder_version=&#8221;4.25.1&#8243; _module_preset=&#8221;default&#8221; background_color=&#8221;gcid-5ce2ff5c-ec55-4afe-b04f-cda004e53cb8&#8243; background_enable_image=&#8221;off&#8221; background_size=&#8221;contain&#8221; background_position=&#8221;bottom_center&#8221; background_vertical_offset=&#8221;58%&#8221; background_blend=&#8221;multiply&#8221; background_enable_pattern_style=&#8221;on&#8221; background_pattern_style=&#8221;waves&#8221; background_pattern_color=&#8221;rgba(0,0,0,0.06)&#8221; background_pattern_size=&#8221;custom&#8221; background_pattern_width=&#8221;59px&#8221; custom_padding=&#8221;4px||27px|||&#8221; da_disable_devices=&#8221;off|off|off&#8221; collapsed=&#8221;on&#8221; global_colors_info=&#8221;{%22gcid-5ce2ff5c-ec55-4afe-b04f-cda004e53cb8%22:%91%22background_color%22,%22background_color%22%93}&#8221; da_is_popup=&#8221;off&#8221; da_exit_intent=&#8221;off&#8221; da_has_close=&#8221;on&#8221; da_alt_close=&#8221;off&#8221; da_dark_close=&#8221;off&#8221; da_not_modal=&#8221;on&#8221; da_is_singular=&#8221;off&#8221; da_with_loader=&#8221;off&#8221; da_has_shadow=&#8221;on&#8221;][et_pb_row _builder_version=&#8221;4.25.1&#8243; _module_preset=&#8221;default&#8221; global_colors_info=&#8221;{}&#8221;][et_pb_column type=&#8221;4_4&#8243; _builder_version=&#8221;4.25.1&#8243; _module_preset=&#8221;default&#8221; global_colors_info=&#8221;{}&#8221;][et_pb_heading title=&#8221;\ud83c\udf9f\ufe0f Achetez votre billet d\u00e8s maintenant&#8221; _builder_version=&#8221;4.27.4&#8243; _module_preset=&#8221;06aa74f6-0f49-4194-a764-bdf3fc1a48ae&#8221; title_text_align=&#8221;center&#8221; title_text_color=&#8221;#FFFFFF&#8221; custom_margin=&#8221;||0px||false|false&#8221; global_colors_info=&#8221;{}&#8221;][\/et_pb_heading][et_pb_text _builder_version=&#8221;4.25.1&#8243; _module_preset=&#8221;c670887b-f309-4224-8469-61e108575075&#8243; text_orientation=&#8221;center&#8221; global_colors_info=&#8221;{}&#8221;]<\/p>\n<p data-start=\"132\" data-end=\"162\" style=\"text-align: left;\"><strong data-start=\"132\" data-end=\"160\">\ud83c\udf81 Prix \u00e0 gagner :<\/strong><\/p>\n<ul data-start=\"163\" data-end=\"379\">\n<li data-start=\"163\" data-end=\"188\" style=\"text-align: left;\">\n<p data-start=\"165\" data-end=\"188\">\u2708\ufe0f Escapade \u00e0 Cuba pour deux<\/p>\n<\/li>\n<li data-start=\"189\" data-end=\"213\" style=\"text-align: left;\">\n<p data-start=\"191\" data-end=\"213\">\ud83d\udcf1 Dernier smartphone<\/p>\n<\/li>\n<li data-start=\"214\" data-end=\"257\" style=\"text-align: left;\">\n<p data-start=\"216\" data-end=\"257\">\ud83d\udc86\u200d\u2640\ufe0f Soin de la peau chez Fatima Beauty<\/p>\n<\/li>\n<li data-start=\"258\" data-end=\"292\" style=\"text-align: left;\">\n<p data-start=\"260\" data-end=\"292\">\ud83d\udc5a $300 Villa Capri Gift Card<\/p>\n<\/li>\n<li data-start=\"293\" data-end=\"340\" style=\"text-align: left;\">\n<p data-start=\"295\" data-end=\"340\">\ud83c\udfa8 Pi\u00e8ces d\u2019art exclusives de notre encan silencieux<\/p>\n<\/li>\n<li data-start=\"341\" data-end=\"379\">\n<p data-start=\"343\" data-end=\"379\" style=\"text-align: left;\"><strong>\u2026et bien d\u2019autres surprises excitantes !<\/strong><\/p>\n<\/li>\n<\/ul>\n<p>[\/et_pb_text][et_pb_button button_url=&#8221;@ET-DC@eyJkeW5hbWljIjp0cnVlLCJjb250ZW50IjoicG9zdF9saW5rX3VybF9wYWdlIiwic2V0dGluZ3MiOnsicG9zdF9pZCI6IjcyNzkzIn19@&#8221; button_text=&#8221;ACHETEZ UN BILLET&#8221; button_alignment=&#8221;center&#8221; button_text_tablet=&#8221;ACHETEZ UN BILLET&#8221; button_text_phone=&#8221;ACHETEZ UN BILLET&#8221; button_text_last_edited=&#8221;on|phone&#8221; _builder_version=&#8221;4.27.4&#8243; _dynamic_attributes=&#8221;button_url&#8221; _module_preset=&#8221;45008109-9f88-4f53-ba01-11aef690b7be&#8221; locked=&#8221;off&#8221; global_colors_info=&#8221;{}&#8221;][\/et_pb_button][\/et_pb_column][\/et_pb_row][\/et_pb_section][et_pb_section fb_built=&#8221;1&#8243; admin_label=&#8221;Footer&#8221; _builder_version=&#8221;4.25.1&#8243; _module_preset=&#8221;default&#8221; da_disable_devices=&#8221;off|off|off&#8221; saved_tabs=&#8221;all&#8221; collapsed=&#8221;on&#8221; global_colors_info=&#8221;{}&#8221; da_is_popup=&#8221;off&#8221; da_exit_intent=&#8221;off&#8221; da_has_close=&#8221;on&#8221; da_alt_close=&#8221;off&#8221; da_dark_close=&#8221;off&#8221; da_not_modal=&#8221;on&#8221; da_is_singular=&#8221;off&#8221; da_with_loader=&#8221;off&#8221; da_has_shadow=&#8221;on&#8221;][et_pb_row column_structure=&#8221;1_3,1_3,1_3&#8243; _builder_version=&#8221;4.25.1&#8243; _module_preset=&#8221;default&#8221; custom_padding=&#8221;16px||4px|||&#8221; global_colors_info=&#8221;{}&#8221;][et_pb_column type=&#8221;1_3&#8243; _builder_version=&#8221;4.25.1&#8243; _module_preset=&#8221;default&#8221; global_colors_info=&#8221;{}&#8221;][et_pb_heading title=&#8221;Nous Contacter&#8221; _builder_version=&#8221;4.25.1&#8243; _module_preset=&#8221;7cee3060-287b-4615-b867-11f8150c73b6&#8243; custom_margin=&#8221;||5px|||&#8221; locked=&#8221;off&#8221; global_colors_info=&#8221;{}&#8221;][\/et_pb_heading][et_pb_heading title=&#8221;+1 (438)-372-5755&#8243; _builder_version=&#8221;4.25.1&#8243; _module_preset=&#8221;7cee3060-287b-4615-b867-11f8150c73b6&#8243; title_text_color=&#8221;gcid-5ce2ff5c-ec55-4afe-b04f-cda004e53cb8&#8243; custom_margin=&#8221;||10px||false|false&#8221; locked=&#8221;off&#8221; global_colors_info=&#8221;{%22gcid-5ce2ff5c-ec55-4afe-b04f-cda004e53cb8%22:%91%22title_text_color%22%93}&#8221;][\/et_pb_heading][et_pb_text _builder_version=&#8221;4.25.1&#8243; _module_preset=&#8221;cb79ec09-0f21-4609-9d79-47383a78197a&#8221; global_colors_info=&#8221;{}&#8221;]<\/p>\n<p class=\"cvGsUA direction-ltr align-start para-style-body\">RITMO CAF\u00c9 ET BAR<br \/>1781, rue Saint-Denis, Montr\u00e9al H2X 3K4<\/p>\n<p>[\/et_pb_text][\/et_pb_column][et_pb_column type=&#8221;1_3&#8243; _builder_version=&#8221;4.25.1&#8243; _module_preset=&#8221;default&#8221; global_colors_info=&#8221;{}&#8221;][et_pb_heading title=&#8221;Date et heure de l\u2019\u00e9v\u00e9nement&#8221; _builder_version=&#8221;4.27.4&#8243; _module_preset=&#8221;7cee3060-287b-4615-b867-11f8150c73b6&#8243; custom_margin=&#8221;||-6px|||&#8221; custom_padding=&#8221;||11px|||&#8221; locked=&#8221;off&#8221; global_colors_info=&#8221;{}&#8221;][\/et_pb_heading][et_pb_text _builder_version=&#8221;4.27.4&#8243; _module_preset=&#8221;cb79ec09-0f21-4609-9d79-47383a78197a&#8221; custom_margin=&#8221;||10px||false|false&#8221; global_colors_info=&#8221;{}&#8221;]<\/p>\n<p>Samedi 28 novembre, 18 h<\/p>\n<p>[\/et_pb_text][\/et_pb_column][et_pb_column type=&#8221;1_3&#8243; _builder_version=&#8221;4.25.1&#8243; _module_preset=&#8221;default&#8221; global_colors_info=&#8221;{}&#8221;][et_pb_heading title=&#8221;Aidez un enfant dans le besoin&#8221; _builder_version=&#8221;4.27.4&#8243; _module_preset=&#8221;7cee3060-287b-4615-b867-11f8150c73b6&#8243; custom_margin=&#8221;||10px|||&#8221; locked=&#8221;off&#8221; global_colors_info=&#8221;{}&#8221;][\/et_pb_heading][et_pb_button button_url=&#8221;@ET-DC@eyJkeW5hbWljIjp0cnVlLCJjb250ZW50IjoicG9zdF9saW5rX3VybF9wYWdlIiwic2V0dGluZ3MiOnsicG9zdF9pZCI6IjcyNzkzIn19@&#8221; button_text=&#8221;ACHETEZ VOTRE BILLET MAINTENANT&#8221; _builder_version=&#8221;4.27.4&#8243; _dynamic_attributes=&#8221;button_url&#8221; _module_preset=&#8221;cdd0e584-9912-4bda-ab8c-52030e7c5a6d&#8221; custom_margin=&#8221;||20px||false|false&#8221; global_colors_info=&#8221;{}&#8221;][\/et_pb_button][\/et_pb_column][\/et_pb_row][et_pb_row _builder_version=&#8221;4.25.1&#8243; _module_preset=&#8221;default&#8221; border_color_all=&#8221;rgba(0,0,0,0.12)&#8221; border_width_top=&#8221;1px&#8221; global_colors_info=&#8221;{}&#8221;][et_pb_column type=&#8221;4_4&#8243; _builder_version=&#8221;4.25.1&#8243; _module_preset=&#8221;default&#8221; global_colors_info=&#8221;{}&#8221;][et_pb_text _builder_version=&#8221;4.25.1&#8243; _dynamic_attributes=&#8221;content&#8221; _module_preset=&#8221;cb79ec09-0f21-4609-9d79-47383a78197a&#8221; global_colors_info=&#8221;{}&#8221;]@ET-DC@eyJkeW5hbWljIjp0cnVlLCJjb250ZW50IjoiY3VycmVudF9kYXRlIiwic2V0dGluZ3MiOnsiYmVmb3JlIjoiRHJvaXRzIGRcdTIwMTlhdXRldXIgXHUwMGE5ICIsImFmdGVyIjoiIERpdmkuIFRvdXMgZHJvaXRzIHJcdTAwZTlzZXJ2XHUwMGU5cy4gIiwiZGF0ZV9mb3JtYXQiOiJjdXN0b20iLCJjdXN0b21fZGF0ZV9mb3JtYXQiOiJZIn19@[\/et_pb_text][\/et_pb_column][\/et_pb_row][\/et_pb_section]<\/p>\n","protected":false},"excerpt":{"rendered":"<p>Chaque enfant m\u00e9rite la chance de r\u00eaver, d\u2019apprendre et de r\u00e9ussir.En achetant un billet de tirage, vous ne participez pas seulement pour gagner \u2014 vous rejoignez un village de personnes engag\u00e9es \u00e0 offrir aux \u00e9l\u00e8ves vuln\u00e9rables en Ha\u00efti l\u2019acc\u00e8s \u00e0 l\u2019\u00e9ducation, \u00e0 l\u2019espoir et aux opportunit\u00e9s.Ensemble, nous pouvons faire une diff\u00e9rence durable, un billet \u00e0 [&hellip;]<\/p>\n","protected":false},"author":1228,"featured_media":0,"parent":0,"menu_order":0,"comment_status":"closed","ping_status":"closed","template":"","meta":{"_et_pb_use_builder":"on","_et_pb_old_content":"","_et_gb_content_width":"","footnotes":""},"class_list":["post-72810","page","type-page","status-publish","hentry"],"_links":{"self":[{"href":"https:\/\/fej-canada.ca\/fr\/wp-json\/wp\/v2\/pages\/72810","targetHints":{"allow":["GET"]}}],"collection":[{"href":"https:\/\/fej-canada.ca\/fr\/wp-json\/wp\/v2\/pages"}],"about":[{"href":"https:\/\/fej-canada.ca\/fr\/wp-json\/wp\/v2\/types\/page"}],"author":[{"embeddable":true,"href":"https:\/\/fej-canada.ca\/fr\/wp-json\/wp\/v2\/users\/1228"}],"replies":[{"embeddable":true,"href":"https:\/\/fej-canada.ca\/fr\/wp-json\/wp\/v2\/comments?post=72810"}],"version-history":[{"count":6,"href":"https:\/\/fej-canada.ca\/fr\/wp-json\/wp\/v2\/pages\/72810\/revisions"}],"predecessor-version":[{"id":72820,"href":"https:\/\/fej-canada.ca\/fr\/wp-json\/wp\/v2\/pages\/72810\/revisions\/72820"}],"wp:attachment":[{"href":"https:\/\/fej-canada.ca\/fr\/wp-json\/wp\/v2\/media?parent=72810"}],"curies":[{"name":"wp","href":"https:\/\/api.w.org\/{rel}","templated":true}]}}