{"id":72554,"date":"2025-03-17T01:16:00","date_gmt":"2025-03-17T05:16:00","guid":{"rendered":"https:\/\/fej-canada.ca\/notre-vision\/"},"modified":"2025-05-28T23:29:21","modified_gmt":"2025-05-29T03:29:21","slug":"notre-vision","status":"publish","type":"page","link":"https:\/\/fej-canada.ca\/fr\/notre-vision\/","title":{"rendered":"Notre vision"},"content":{"rendered":"<p>[et_pb_section fb_built=&#8221;1&#8243; _builder_version=&#8221;4.27.4&#8243; _module_preset=&#8221;default&#8221; background_image=&#8221;https:\/\/fej-canada.ca\/wp-content\/uploads\/gedi-inside-header.png&#8221; custom_margin=&#8221;||||false|false&#8221; custom_padding=&#8221;10vw||10vw|2vw|false|false&#8221; hover_enabled=&#8221;0&#8243; da_disable_devices=&#8221;off|off|off&#8221; border_color_all=&#8221;gcid-992f014b-a570-4bb3-86ef-451bf52c7d0a&#8221; border_width_bottom=&#8221;10px&#8221; global_colors_info=&#8221;{%22gcid-992f014b-a570-4bb3-86ef-451bf52c7d0a%22:%91%22border_color_all%22,%22border_color_bottom%22%93}&#8221; animation_style=&#8221;fade&#8221; sticky_enabled=&#8221;0&#8243; da_is_popup=&#8221;off&#8221; da_exit_intent=&#8221;off&#8221; da_has_close=&#8221;on&#8221; da_alt_close=&#8221;off&#8221; da_dark_close=&#8221;off&#8221; da_not_modal=&#8221;on&#8221; da_is_singular=&#8221;off&#8221; da_with_loader=&#8221;off&#8221; da_has_shadow=&#8221;on&#8221;][et_pb_row _builder_version=&#8221;4.27.4&#8243; _module_preset=&#8221;default&#8221; background_color=&#8221;rgba(255,255,255,0.65)&#8221; width=&#8221;30%&#8221; module_alignment=&#8221;left&#8221; custom_margin=&#8221;|||2vw|false|false&#8221; custom_padding=&#8221;4vw|2vw|4vw|2vw|true|true&#8221; hover_enabled=&#8221;0&#8243; box_shadow_style=&#8221;preset2&#8243; global_colors_info=&#8221;{}&#8221; animation_style=&#8221;slide&#8221; animation_direction=&#8221;left&#8221; animation_delay=&#8221;500ms&#8221; sticky_enabled=&#8221;0&#8243;][et_pb_column type=&#8221;4_4&#8243; _builder_version=&#8221;4.16&#8243; _module_preset=&#8221;default&#8221; global_colors_info=&#8221;{}&#8221;][et_pb_text _builder_version=&#8221;4.27.4&#8243; _module_preset=&#8221;default&#8221; header_3_font=&#8221;|700|||||||&#8221; header_3_text_align=&#8221;left&#8221; header_3_font_size=&#8221;30px&#8221; global_colors_info=&#8221;{}&#8221;]<\/p>\n<h3>Notre vision<\/h3>\n<p>[\/et_pb_text][et_pb_text _builder_version=&#8221;4.27.4&#8243; _module_preset=&#8221;default&#8221; text_font_size=&#8221;20px&#8221; global_colors_info=&#8221;{}&#8221;]<\/p>\n<p>D\u00e9velopper des programmes \u00e9ducatifs culturellement sensibles<\/p>\n<p>[\/et_pb_text][\/et_pb_column][\/et_pb_row][\/et_pb_section][et_pb_section fb_built=&#8221;1&#8243; _builder_version=&#8221;4.27.4&#8243; _module_preset=&#8221;default&#8221; custom_margin=&#8221;4vw||4vw||true|false&#8221; custom_margin_tablet=&#8221;25vw||||false|false&#8221; custom_margin_phone=&#8221;60vw||||false|false&#8221; custom_margin_last_edited=&#8221;on|phone&#8221; custom_padding=&#8221;0px||0px||true|&#8221; da_disable_devices=&#8221;off|off|off&#8221; global_colors_info=&#8221;{}&#8221; da_is_popup=&#8221;off&#8221; da_exit_intent=&#8221;off&#8221; da_has_close=&#8221;on&#8221; da_alt_close=&#8221;off&#8221; da_dark_close=&#8221;off&#8221; da_not_modal=&#8221;on&#8221; da_is_singular=&#8221;off&#8221; da_with_loader=&#8221;off&#8221; da_has_shadow=&#8221;on&#8221;][et_pb_row column_structure=&#8221;3_5,2_5&#8243; _builder_version=&#8221;4.27.4&#8243; _module_preset=&#8221;default&#8221; max_width=&#8221;100%&#8221; custom_margin=&#8221;0vw|auto||auto|false|false&#8221; custom_padding=&#8221;25px||0px|||&#8221; hover_enabled=&#8221;0&#8243; global_colors_info=&#8221;{}&#8221; make_equal=&#8221;on&#8221; sticky_enabled=&#8221;0&#8243;][et_pb_column type=&#8221;3_5&#8243; _builder_version=&#8221;4.27.4&#8243; _module_preset=&#8221;default&#8221; hover_enabled=&#8221;0&#8243; global_colors_info=&#8221;{}&#8221; custom_css_main_element=&#8221;margin: auto;&#8221; sticky_enabled=&#8221;0&#8243;][et_pb_text _builder_version=&#8221;4.27.4&#8243; _module_preset=&#8221;default&#8221; header_2_font=&#8221;|700|||||||&#8221; header_2_text_align=&#8221;left&#8221; header_2_text_color=&#8221;gcid-a9c3adc8-46a2-4f80-adf8-d194e50183f6&#8243; header_2_font_size=&#8221;20px&#8221; custom_margin=&#8221;||0px||false|false&#8221; hover_enabled=&#8221;0&#8243; global_colors_info=&#8221;{%22gcid-a9c3adc8-46a2-4f80-adf8-d194e50183f6%22:%91%22header_2_text_color%22%93}&#8221; sticky_enabled=&#8221;0&#8243;]<\/p>\n<h2>D\u00e9velopper des programmes \u00e9ducatifs culturellement sensibles.<\/h2>\n<p>[\/et_pb_text][et_pb_text _builder_version=&#8221;4.27.4&#8243; _module_preset=&#8221;default&#8221; header_2_font=&#8221;Dancing Script|700|||||||&#8221; header_2_text_align=&#8221;right&#8221; header_2_font_size=&#8221;34px&#8221; hover_enabled=&#8221;0&#8243; custom_css_main_element=&#8221;margin: auto;&#8221; global_colors_info=&#8221;{}&#8221; text_line_height=&#8221;1.2em&#8221; sticky_enabled=&#8221;0&#8243;]<\/p>\n<p>En tenant compte d&#8217;une approche holistique de l&#8217;\u00e9ducation de chaque enfant et adulte dans leurs communaut\u00e9s existantes. En offrant une protection aux enfants et aux familles, dans un environnement nourrissant et aimant o\u00f9 l&#8217;apprentissage est encourag\u00e9. Notre objectif est de fournir un filet de s\u00e9curit\u00e9 pour la prise de risques et l&#8217;autonomie.  <\/p>\n<p>[\/et_pb_text][\/et_pb_column][et_pb_column type=&#8221;2_5&#8243; _builder_version=&#8221;4.16&#8243; _module_preset=&#8221;default&#8221; global_colors_info=&#8221;{}&#8221;][et_pb_image src=&#8221;https:\/\/fej-canada.ca\/wp-content\/uploads\/90de16f6-c2cd-4cc5-a950-530288a99573_82614581.jpeg.jpg&#8221; _builder_version=&#8221;4.27.4&#8243; _module_preset=&#8221;default&#8221; title_text=&#8221;90de16f6-c2cd-4cc5-a950-530288a99573_82614581.jpeg&#8221; box_shadow_style=&#8221;preset3&#8243; hover_enabled=&#8221;0&#8243; sticky_enabled=&#8221;0&#8243; animation_style=&#8221;slide&#8221; animation_direction=&#8221;right&#8221;][\/et_pb_image][\/et_pb_column][\/et_pb_row][\/et_pb_section]<\/p>\n","protected":false},"excerpt":{"rendered":"<p>Notre visionD\u00e9velopper des programmes \u00e9ducatifs culturellement sensiblesD\u00e9velopper des programmes \u00e9ducatifs culturellement sensibles.En tenant compte d&#8217;une approche holistique de l&#8217;\u00e9ducation de chaque enfant et adulte dans leurs communaut\u00e9s existantes. En offrant une protection aux enfants et aux familles, dans un environnement nourrissant et aimant o\u00f9 l&#8217;apprentissage est encourag\u00e9. Notre objectif est de fournir un filet de [&hellip;]<\/p>\n","protected":false},"author":1,"featured_media":0,"parent":0,"menu_order":0,"comment_status":"closed","ping_status":"closed","template":"","meta":{"_et_pb_use_builder":"on","_et_pb_old_content":"","_et_gb_content_width":"","footnotes":""},"class_list":["post-72554","page","type-page","status-publish","hentry"],"_links":{"self":[{"href":"https:\/\/fej-canada.ca\/fr\/wp-json\/wp\/v2\/pages\/72554","targetHints":{"allow":["GET"]}}],"collection":[{"href":"https:\/\/fej-canada.ca\/fr\/wp-json\/wp\/v2\/pages"}],"about":[{"href":"https:\/\/fej-canada.ca\/fr\/wp-json\/wp\/v2\/types\/page"}],"author":[{"embeddable":true,"href":"https:\/\/fej-canada.ca\/fr\/wp-json\/wp\/v2\/users\/1"}],"replies":[{"embeddable":true,"href":"https:\/\/fej-canada.ca\/fr\/wp-json\/wp\/v2\/comments?post=72554"}],"version-history":[{"count":2,"href":"https:\/\/fej-canada.ca\/fr\/wp-json\/wp\/v2\/pages\/72554\/revisions"}],"predecessor-version":[{"id":72556,"href":"https:\/\/fej-canada.ca\/fr\/wp-json\/wp\/v2\/pages\/72554\/revisions\/72556"}],"wp:attachment":[{"href":"https:\/\/fej-canada.ca\/fr\/wp-json\/wp\/v2\/media?parent=72554"}],"curies":[{"name":"wp","href":"https:\/\/api.w.org\/{rel}","templated":true}]}}