{"id":72548,"date":"2025-03-16T09:58:42","date_gmt":"2025-03-16T13:58:42","guid":{"rendered":"https:\/\/fej-canada.ca\/notre-mission\/"},"modified":"2025-05-29T22:21:39","modified_gmt":"2025-05-30T02:21:39","slug":"notre-mission","status":"publish","type":"page","link":"https:\/\/fej-canada.ca\/fr\/notre-mission\/","title":{"rendered":"Notre mission"},"content":{"rendered":"<p>[et_pb_section fb_built=&#8221;1&#8243; _builder_version=&#8221;4.27.4&#8243; _module_preset=&#8221;default&#8221; background_image=&#8221;https:\/\/fej-canada.ca\/wp-content\/uploads\/Education_second-photo-1.jpg&#8221; custom_margin=&#8221;||||false|false&#8221; custom_padding=&#8221;10vw||10vw|2vw|false|false&#8221; animation_style=&#8221;fade&#8221; hover_enabled=&#8221;0&#8243; da_disable_devices=&#8221;off|off|off&#8221; border_color_all=&#8221;gcid-992f014b-a570-4bb3-86ef-451bf52c7d0a&#8221; border_width_bottom=&#8221;10px&#8221; global_colors_info=&#8221;{%22gcid-992f014b-a570-4bb3-86ef-451bf52c7d0a%22:%91%22border_color_all%22,%22border_color_bottom%22%93}&#8221; title_text=&#8221;Education_second-photo&#8221; sticky_enabled=&#8221;0&#8243; da_is_popup=&#8221;off&#8221; da_exit_intent=&#8221;off&#8221; da_has_close=&#8221;on&#8221; da_alt_close=&#8221;off&#8221; da_dark_close=&#8221;off&#8221; da_not_modal=&#8221;on&#8221; da_is_singular=&#8221;off&#8221; da_with_loader=&#8221;off&#8221; da_has_shadow=&#8221;on&#8221;][et_pb_row _builder_version=&#8221;4.27.4&#8243; _module_preset=&#8221;default&#8221; background_color=&#8221;rgba(255,255,255,0.65)&#8221; width=&#8221;30%&#8221; module_alignment=&#8221;left&#8221; custom_margin=&#8221;|||2vw|false|false&#8221; custom_padding=&#8221;4vw|2vw|4vw|2vw|true|true&#8221; animation_style=&#8221;slide&#8221; animation_direction=&#8221;left&#8221; animation_delay=&#8221;500ms&#8221; box_shadow_style=&#8221;preset2&#8243; global_colors_info=&#8221;{}&#8221;][et_pb_column type=&#8221;4_4&#8243; _builder_version=&#8221;4.16&#8243; _module_preset=&#8221;default&#8221; global_colors_info=&#8221;{}&#8221;][et_pb_text _builder_version=&#8221;4.27.4&#8243; _module_preset=&#8221;default&#8221; header_3_font=&#8221;|700|||||||&#8221; header_3_text_align=&#8221;left&#8221; header_3_font_size=&#8221;30px&#8221; global_colors_info=&#8221;{}&#8221;]<\/p>\n<h3>Notre mission<\/h3>\n<p>[\/et_pb_text][et_pb_text _builder_version=&#8221;4.27.4&#8243; _module_preset=&#8221;default&#8221; text_font_size=&#8221;20px&#8221; global_colors_info=&#8221;{}&#8221;]<\/p>\n<p>FEJ Canada intervient principalement dans les domaines de l&#8217;\u00e9ducation primaire.<\/p>\n<p>[\/et_pb_text][\/et_pb_column][\/et_pb_row][\/et_pb_section][et_pb_section fb_built=&#8221;1&#8243; _builder_version=&#8221;4.27.4&#8243; _module_preset=&#8221;default&#8221; custom_margin=&#8221;4vw||4vw||true|false&#8221; custom_margin_tablet=&#8221;25vw||||false|false&#8221; custom_margin_phone=&#8221;60vw||||false|false&#8221; custom_margin_last_edited=&#8221;on|phone&#8221; custom_padding=&#8221;0px||0px||true|&#8221; da_disable_devices=&#8221;off|off|off&#8221; global_colors_info=&#8221;{}&#8221; da_is_popup=&#8221;off&#8221; da_exit_intent=&#8221;off&#8221; da_has_close=&#8221;on&#8221; da_alt_close=&#8221;off&#8221; da_dark_close=&#8221;off&#8221; da_not_modal=&#8221;on&#8221; da_is_singular=&#8221;off&#8221; da_with_loader=&#8221;off&#8221; da_has_shadow=&#8221;on&#8221;][et_pb_row _builder_version=&#8221;4.27.4&#8243; _module_preset=&#8221;default&#8221; max_width=&#8221;100%&#8221; custom_margin=&#8221;0vw|auto||auto|false|false&#8221; custom_padding=&#8221;||0px|||&#8221; global_colors_info=&#8221;{}&#8221;][et_pb_column type=&#8221;4_4&#8243; _builder_version=&#8221;4.16&#8243; _module_preset=&#8221;default&#8221; global_colors_info=&#8221;{}&#8221;][et_pb_text _builder_version=&#8221;4.27.4&#8243; _module_preset=&#8221;default&#8221; header_2_font=&#8221;|700|||||||&#8221; header_2_text_align=&#8221;left&#8221; header_2_text_color=&#8221;gcid-a9c3adc8-46a2-4f80-adf8-d194e50183f6&#8243; header_2_font_size=&#8221;20px&#8221; width=&#8221;50%&#8221; custom_margin=&#8221;||0px||false|false&#8221; global_colors_info=&#8221;{%22gcid-a9c3adc8-46a2-4f80-adf8-d194e50183f6%22:%91%22header_2_text_color%22%93}&#8221;]<\/p>\n<h2>La Fondation Enfant Jeunesse Canada (FEJ Canada) est l&#8217;une des branches de la Fondation Enfant Jeunesse.<\/h2>\n<p>[\/et_pb_text][et_pb_text _builder_version=&#8221;4.27.4&#8243; _module_preset=&#8221;default&#8221; text_line_height=&#8221;1.2em&#8221; header_2_font=&#8221;Dancing Script|700|||||||&#8221; header_2_text_align=&#8221;right&#8221; header_2_font_size=&#8221;34px&#8221; custom_css_main_element=&#8221;margin: auto;&#8221; global_colors_info=&#8221;{}&#8221;]<\/p>\n<p>Une organisation caritative op\u00e9rant en Ha\u00efti, aux \u00c9tats-Unis, en France et en Allemagne, d\u00e9di\u00e9e \u00e0 l&#8217;autonomisation des communaut\u00e9s dans les r\u00e9gions pauvres, par des partenariats efficaces avec des organisations et des entreprises locales et internationales. Il se concentre sur le d\u00e9veloppement et la mise en \u0153uvre de programmes \u00e9ducatifs, de services nutritionnels, de soins de sant\u00e9, de services professionnels et de r\u00e9ponse aux catastrophes, qui sont essentiels pour ces communaut\u00e9s.<\/p>\n<p>[\/et_pb_text][\/et_pb_column][\/et_pb_row][et_pb_row column_structure=&#8221;1_2,1_2&#8243; use_custom_gutter=&#8221;on&#8221; _builder_version=&#8221;4.27.4&#8243; _module_preset=&#8221;default&#8221; max_width=&#8221;100%&#8221; global_colors_info=&#8221;{}&#8221;][et_pb_column type=&#8221;1_2&#8243; _builder_version=&#8221;4.27.4&#8243; _module_preset=&#8221;default&#8221; global_colors_info=&#8221;{}&#8221;][ba_gradient_heading title=&#8221;FEJ Canada&#8221; html_tag=&#8221;h2&#8243; primary_color=&#8221;gcid-a9c3adc8-46a2-4f80-adf8-d194e50183f6&#8243; primary_color_location=&#8221;30&#8243; secondary_color=&#8221;gcid-992f014b-a570-4bb3-86ef-451bf52c7d0a&#8221; secondary_color_location=&#8221;40&#8243; angle=&#8221;45&#8243; _builder_version=&#8221;4.27.4&#8243; _module_preset=&#8221;default&#8221; title_font_size=&#8221;3rem&#8221; global_colors_info=&#8221;{%22gcid-a9c3adc8-46a2-4f80-adf8-d194e50183f6%22:%91%22primary_color%22%93,%22gcid-992f014b-a570-4bb3-86ef-451bf52c7d0a%22:%91%22secondary_color%22%93}&#8221;][\/ba_gradient_heading][et_pb_text _builder_version=&#8221;4.27.4&#8243; _module_preset=&#8221;default&#8221; text_font=&#8221;|600|||||||&#8221; text_text_color=&#8221;gcid-a9c3adc8-46a2-4f80-adf8-d194e50183f6&#8243; text_font_size=&#8221;24px&#8221; global_colors_info=&#8221;{%22gcid-a9c3adc8-46a2-4f80-adf8-d194e50183f6%22:%91%22text_text_color%22%93}&#8221;]<\/p>\n<p>Intervient principalement dans les domaines :<\/p>\n<p>[\/et_pb_text][et_pb_text _builder_version=&#8221;4.27.4&#8243; _module_preset=&#8221;default&#8221; link_font=&#8221;|700|||||||&#8221; global_colors_info=&#8221;{}&#8221;]\u00c9ducation <strong>primaire<\/strong>, <a href=\"https:\/\/fej-canada.ca\/seeking-life-chache-lavi\/\">Programme d&#8217;autonomisation des femmes<\/a> (Chache Lavi), Unit\u00e9 de <a href=\"https:\/\/fej-canada.ca\/fr\/unite-de-soins-intensifs\/\">soins intensifs pour les enfants vivant avec le VIH et malnutris<\/a>, et Aide <a href=\"https:\/\/fej-canada.ca\/fr\/aide-humanitaire-en-cas-de-catastrophe\/\">humanitaire en cas de catastrophe.<\/a> Il finance et participe exclusivement \u00e0 ses propres initiatives et collabore avec des organisations qui s&#8217;alignent sur sa vision et ses valeurs, garantissant une approche unifi\u00e9e pour cr\u00e9er un changement durable.[\/et_pb_text][\/et_pb_column][et_pb_column type=&#8221;1_2&#8243; _builder_version=&#8221;4.27.4&#8243; _module_preset=&#8221;default&#8221; global_colors_info=&#8221;{}&#8221;][et_pb_image src=&#8221;https:\/\/fej-canada.ca\/wp-content\/uploads\/fej-primary-school-pupils.jpg&#8221; alt=&#8221;\u00e9l\u00e8ves de l&#039;\u00e9cole primaire FEJ&#8221; title_text=&#8221;\u00e9l\u00e8ves de l&#039;\u00e9cole primaire FEJ&#8221; _builder_version=&#8221;4.27.4&#8243; _module_preset=&#8221;default&#8221; custom_margin=&#8221;||0.5vw||false|false&#8221; animation_style=&#8221;slide&#8221; animation_direction=&#8221;right&#8221; box_shadow_style=&#8221;preset3&#8243; global_colors_info=&#8221;{}&#8221;][\/et_pb_image][et_pb_text _builder_version=&#8221;4.27.4&#8243; _module_preset=&#8221;default&#8221; text_font=&#8221;||on||||||&#8221; text_text_color=&#8221;#000000&#8243; text_font_size=&#8221;14px&#8221; text_orientation=&#8221;center&#8221; global_colors_info=&#8221;{}&#8221;]<\/p>\n<p>\u00e9l\u00e8ves de l&#8217;\u00e9cole primaire FEJ<\/p>\n<p>[\/et_pb_text][\/et_pb_column][\/et_pb_row][\/et_pb_section]<\/p>\n","protected":false},"excerpt":{"rendered":"<p>Notre missionFEJ Canada intervient principalement dans les domaines de l&#8217;\u00e9ducation primaire.La Fondation Enfant Jeunesse Canada (FEJ Canada) est l&#8217;une des branches de la Fondation Enfant Jeunesse.Une organisation caritative op\u00e9rant en Ha\u00efti, aux \u00c9tats-Unis, en France et en Allemagne, d\u00e9di\u00e9e \u00e0 l&#8217;autonomisation des communaut\u00e9s dans les r\u00e9gions pauvres, par des partenariats efficaces avec des organisations et [&hellip;]<\/p>\n","protected":false},"author":1,"featured_media":0,"parent":0,"menu_order":0,"comment_status":"closed","ping_status":"closed","template":"","meta":{"_et_pb_use_builder":"on","_et_pb_old_content":"","_et_gb_content_width":"","footnotes":""},"class_list":["post-72548","page","type-page","status-publish","hentry"],"_links":{"self":[{"href":"https:\/\/fej-canada.ca\/fr\/wp-json\/wp\/v2\/pages\/72548","targetHints":{"allow":["GET"]}}],"collection":[{"href":"https:\/\/fej-canada.ca\/fr\/wp-json\/wp\/v2\/pages"}],"about":[{"href":"https:\/\/fej-canada.ca\/fr\/wp-json\/wp\/v2\/types\/page"}],"author":[{"embeddable":true,"href":"https:\/\/fej-canada.ca\/fr\/wp-json\/wp\/v2\/users\/1"}],"replies":[{"embeddable":true,"href":"https:\/\/fej-canada.ca\/fr\/wp-json\/wp\/v2\/comments?post=72548"}],"version-history":[{"count":2,"href":"https:\/\/fej-canada.ca\/fr\/wp-json\/wp\/v2\/pages\/72548\/revisions"}],"predecessor-version":[{"id":72550,"href":"https:\/\/fej-canada.ca\/fr\/wp-json\/wp\/v2\/pages\/72548\/revisions\/72550"}],"wp:attachment":[{"href":"https:\/\/fej-canada.ca\/fr\/wp-json\/wp\/v2\/media?parent=72548"}],"curies":[{"name":"wp","href":"https:\/\/api.w.org\/{rel}","templated":true}]}}