{"id":72545,"date":"2025-03-17T01:27:21","date_gmt":"2025-03-17T05:27:21","guid":{"rendered":"https:\/\/fej-canada.ca\/nos-valeurs-fondamentales\/"},"modified":"2025-05-28T23:12:45","modified_gmt":"2025-05-29T03:12:45","slug":"nos-valeurs-fondamentales","status":"publish","type":"page","link":"https:\/\/fej-canada.ca\/fr\/nos-valeurs-fondamentales\/","title":{"rendered":"Nos valeurs fondamentales"},"content":{"rendered":"<p>[et_pb_section fb_built=&#8221;1&#8243; _builder_version=&#8221;4.27.4&#8243; _module_preset=&#8221;default&#8221; background_image=&#8221;https:\/\/fej-canada.ca\/wp-content\/uploads\/core-values-header.jpg&#8221; custom_margin=&#8221;||||false|false&#8221; custom_padding=&#8221;10vw||10vw|2vw|false|false&#8221; animation_style=&#8221;fade&#8221; da_disable_devices=&#8221;off|off|off&#8221; border_color_all=&#8221;gcid-992f014b-a570-4bb3-86ef-451bf52c7d0a&#8221; border_width_bottom=&#8221;10px&#8221; global_colors_info=&#8221;{%22gcid-992f014b-a570-4bb3-86ef-451bf52c7d0a%22:%91%22border_color_all%22,%22border_color_bottom%22%93}&#8221; da_is_popup=&#8221;off&#8221; da_exit_intent=&#8221;off&#8221; da_has_close=&#8221;on&#8221; da_alt_close=&#8221;off&#8221; da_dark_close=&#8221;off&#8221; da_not_modal=&#8221;on&#8221; da_is_singular=&#8221;off&#8221; da_with_loader=&#8221;off&#8221; da_has_shadow=&#8221;on&#8221;][et_pb_row _builder_version=&#8221;4.27.4&#8243; _module_preset=&#8221;default&#8221; background_color=&#8221;rgba(255,255,255,0.65)&#8221; width=&#8221;30%&#8221; module_alignment=&#8221;left&#8221; custom_margin=&#8221;|||2vw|false|false&#8221; custom_padding=&#8221;4vw|2vw|4vw|2vw|true|true&#8221; box_shadow_style=&#8221;preset2&#8243; global_colors_info=&#8221;{}&#8221;][et_pb_column type=&#8221;4_4&#8243; _builder_version=&#8221;4.16&#8243; _module_preset=&#8221;default&#8221; global_colors_info=&#8221;{}&#8221;][et_pb_text _builder_version=&#8221;4.27.4&#8243; _module_preset=&#8221;default&#8221; header_font=&#8221;|700|||||||&#8221; header_3_font=&#8221;|700|||||||&#8221; header_3_text_align=&#8221;left&#8221; header_3_font_size=&#8221;30px&#8221; global_colors_info=&#8221;{}&#8221;]<\/p>\n<h1>Nos valeurs fondamentales<\/h1>\n<p>[\/et_pb_text][et_pb_text _builder_version=&#8221;4.27.4&#8243; _module_preset=&#8221;default&#8221; text_font_size=&#8221;20px&#8221; global_colors_info=&#8221;{}&#8221;]<\/p>\n<p>Engag\u00e9 envers la croissance et le succ\u00e8s<\/p>\n<p>[\/et_pb_text][\/et_pb_column][\/et_pb_row][\/et_pb_section][et_pb_section fb_built=&#8221;1&#8243; _builder_version=&#8221;4.27.4&#8243; _module_preset=&#8221;default&#8221; use_background_color_gradient=&#8221;on&#8221; background_color_gradient_stops=&#8221;rgba(0,0,0,0.9) 0%|rgba(0,0,0,0.9) 100%&#8221; background_color_gradient_overlays_image=&#8221;on&#8221; background_image=&#8221;https:\/\/fej-canada.ca\/wp-content\/uploads\/gedi-community-dev-header.jpg&#8221; parallax=&#8221;on&#8221; parallax_method=&#8221;off&#8221; custom_padding=&#8221;10vw||10vw||true|false&#8221; da_disable_devices=&#8221;off|off|off&#8221; global_colors_info=&#8221;{}&#8221; da_is_popup=&#8221;off&#8221; da_exit_intent=&#8221;off&#8221; da_has_close=&#8221;on&#8221; da_alt_close=&#8221;off&#8221; da_dark_close=&#8221;off&#8221; da_not_modal=&#8221;on&#8221; da_is_singular=&#8221;off&#8221; da_with_loader=&#8221;off&#8221; da_has_shadow=&#8221;on&#8221;][et_pb_row _builder_version=&#8221;4.27.4&#8243; _module_preset=&#8221;default&#8221; global_colors_info=&#8221;{}&#8221;][et_pb_column type=&#8221;4_4&#8243; _builder_version=&#8221;4.27.4&#8243; _module_preset=&#8221;default&#8221; global_colors_info=&#8221;{}&#8221;][et_pb_text _builder_version=&#8221;4.27.4&#8243; _module_preset=&#8221;default&#8221; text_font=&#8221;|700|||||||&#8221; text_text_color=&#8221;#FFFFFF&#8221; text_font_size=&#8221;24px&#8221; header_2_font=&#8221;Dancing Script|700|||||||&#8221; header_2_text_align=&#8221;right&#8221; header_2_font_size=&#8221;34px&#8221; text_orientation=&#8221;center&#8221; custom_css_main_element=&#8221;margin: auto;&#8221; locked=&#8221;off&#8221; global_colors_info=&#8221;{}&#8221;]<\/p>\n<p>Ces valeurs d\u00e9finissent qui nous sommes et guident notre mission de cr\u00e9er un changement positif durable.<\/p>\n<p>[\/et_pb_text][\/et_pb_column][\/et_pb_row][et_pb_row column_structure=&#8221;1_2,1_2&#8243; _builder_version=&#8221;4.27.4&#8243; _module_preset=&#8221;default&#8221; global_colors_info=&#8221;{}&#8221;][et_pb_column type=&#8221;1_2&#8243; _builder_version=&#8221;4.27.4&#8243; _module_preset=&#8221;default&#8221; global_colors_info=&#8221;{}&#8221;][et_pb_blurb title=&#8221;Ax\u00e9 sur les personnes&#8221; use_icon=&#8221;on&#8221; font_icon=&#8221;agsdix-smt2-people||fa||400&#8243; icon_color=&#8221;#FFFFFF&#8221; icon_placement=&#8221;left&#8221; _builder_version=&#8221;4.27.4&#8243; _module_preset=&#8221;default&#8221; header_text_color=&#8221;#FFFFFF&#8221; header_font_size=&#8221;20px&#8221; body_text_color=&#8221;#FFFFFF&#8221; body_font_size=&#8221;16px&#8221; animation_style=&#8221;fade&#8221; global_colors_info=&#8221;{}&#8221;]<\/p>\n<p>Nous sommes engag\u00e9s dans la croissance et le succ\u00e8s de nos b\u00e9n\u00e9ficiaires, que nous reconnaissons comme la pierre angulaire de notre mission.<\/p>\n<p>[\/et_pb_blurb][\/et_pb_column][et_pb_column type=&#8221;1_2&#8243; _builder_version=&#8221;4.27.4&#8243; _module_preset=&#8221;default&#8221; global_colors_info=&#8221;{}&#8221;][et_pb_blurb title=&#8221;L&#039;excellence&#8221; use_icon=&#8221;on&#8221; font_icon=&#8221;&#xe078;||divi||400&#8243; icon_color=&#8221;#FFFFFF&#8221; icon_placement=&#8221;left&#8221; _builder_version=&#8221;4.27.4&#8243; _module_preset=&#8221;default&#8221; header_text_color=&#8221;#FFFFFF&#8221; header_font_size=&#8221;20px&#8221; body_text_color=&#8221;#FFFFFF&#8221; body_font_size=&#8221;16px&#8221; animation_style=&#8221;fade&#8221; global_colors_info=&#8221;{}&#8221;]Nous adoptons une culture d&#8217;apprentissage et de croissance continus, cherchant toujours \u00e0 d\u00e9passer les attentes.[\/et_pb_blurb][\/et_pb_column][\/et_pb_row][et_pb_row column_structure=&#8221;1_2,1_2&#8243; _builder_version=&#8221;4.27.4&#8243; _module_preset=&#8221;default&#8221; global_colors_info=&#8221;{}&#8221;][et_pb_column type=&#8221;1_2&#8243; _builder_version=&#8221;4.27.4&#8243; _module_preset=&#8221;default&#8221; global_colors_info=&#8221;{}&#8221;][et_pb_blurb title=&#8221;Int\u00e9grit\u00e9&#8221; use_icon=&#8221;on&#8221; font_icon=&#8221;&#xe0ff;||divi||400&#8243; icon_color=&#8221;#FFFFFF&#8221; icon_placement=&#8221;left&#8221; _builder_version=&#8221;4.27.4&#8243; _module_preset=&#8221;default&#8221; header_text_color=&#8221;#FFFFFF&#8221; header_font_size=&#8221;20px&#8221; body_text_color=&#8221;#FFFFFF&#8221; body_font_size=&#8221;16px&#8221; animation_style=&#8221;fade&#8221; global_colors_info=&#8221;{}&#8221;]Nous d\u00e9fendons l&#8217;honn\u00eatet\u00e9 et le respect dans toutes nos interactions, favorisant la confiance et l&#8217;\u00e9quit\u00e9 avec chaque individu que nous servons.[\/et_pb_blurb][\/et_pb_column][et_pb_column type=&#8221;1_2&#8243; _builder_version=&#8221;4.27.4&#8243; _module_preset=&#8221;default&#8221; global_colors_info=&#8221;{}&#8221;][et_pb_blurb title=&#8221;Service communautaire&#8221; use_icon=&#8221;on&#8221; font_icon=&#8221;&#xe0fd;||divi||400&#8243; icon_color=&#8221;#FFFFFF&#8221; icon_placement=&#8221;left&#8221; _builder_version=&#8221;4.27.4&#8243; _module_preset=&#8221;default&#8221; header_text_color=&#8221;#FFFFFF&#8221; header_font_size=&#8221;20px&#8221; body_text_color=&#8221;#FFFFFF&#8221; body_font_size=&#8221;16px&#8221; animation_style=&#8221;fade&#8221; global_colors_info=&#8221;{}&#8221;]Nous sommes d\u00e9termin\u00e9s \u00e0 avoir un impact significatif en soutenant des organisations qui servent efficacement les communaut\u00e9s.[\/et_pb_blurb][\/et_pb_column][\/et_pb_row][et_pb_row column_structure=&#8221;1_2,1_2&#8243; _builder_version=&#8221;4.27.4&#8243; _module_preset=&#8221;default&#8221; global_colors_info=&#8221;{}&#8221;][et_pb_column type=&#8221;1_2&#8243; _builder_version=&#8221;4.27.4&#8243; _module_preset=&#8221;default&#8221; global_colors_info=&#8221;{}&#8221;][et_pb_blurb title=&#8221;Leadership&#8221; use_icon=&#8221;on&#8221; font_icon=&#8221;&#xe0a1;||divi||400&#8243; icon_color=&#8221;#FFFFFF&#8221; icon_placement=&#8221;left&#8221; _builder_version=&#8221;4.27.4&#8243; _module_preset=&#8221;default&#8221; header_text_color=&#8221;#FFFFFF&#8221; header_font_size=&#8221;20px&#8221; body_text_color=&#8221;#FFFFFF&#8221; body_font_size=&#8221;16px&#8221; animation_style=&#8221;fade&#8221; global_colors_info=&#8221;{}&#8221;]<\/p>\n<p>Nous nous effor\u00e7ons de favoriser et d&#8217;inspirer le leadership entrepreneurial, en stimulant l&#8217;innovation et le changement positif au sein de nos communaut\u00e9s.<\/p>\n<p>[\/et_pb_blurb][\/et_pb_column][et_pb_column type=&#8221;1_2&#8243; _builder_version=&#8221;4.27.4&#8243; _module_preset=&#8221;default&#8221; global_colors_info=&#8221;{}&#8221;][et_pb_blurb title=&#8221;S&#039;amuser&#8221; use_icon=&#8221;on&#8221; font_icon=&#8221;agsdix-fas fa-laugh-squint||fa||400&#8243; icon_color=&#8221;#FFFFFF&#8221; icon_placement=&#8221;left&#8221; _builder_version=&#8221;4.27.4&#8243; _module_preset=&#8221;default&#8221; header_text_color=&#8221;#FFFFFF&#8221; header_font_size=&#8221;20px&#8221; body_text_color=&#8221;#FFFFFF&#8221; body_font_size=&#8221;16px&#8221; animation_style=&#8221;fade&#8221; global_colors_info=&#8221;{}&#8221;]Nous trouvons de la joie et de l&#8217;\u00e9panouissement dans notre travail, en veillant \u00e0 ce que notre service aux autres reste gratifiant et stimulant.[\/et_pb_blurb][\/et_pb_column][\/et_pb_row][et_pb_row column_structure=&#8221;1_2,1_2&#8243; _builder_version=&#8221;4.27.4&#8243; _module_preset=&#8221;default&#8221; global_colors_info=&#8221;{}&#8221;][et_pb_column type=&#8221;1_2&#8243; _builder_version=&#8221;4.27.4&#8243; _module_preset=&#8221;default&#8221; global_colors_info=&#8221;{}&#8221;][et_pb_blurb title=&#8221;Professionnalisme&#8221; use_icon=&#8221;on&#8221; font_icon=&#8221;&#xe0fc;||divi||400&#8243; icon_color=&#8221;#FFFFFF&#8221; icon_placement=&#8221;left&#8221; _builder_version=&#8221;4.27.4&#8243; _module_preset=&#8221;default&#8221; header_text_color=&#8221;#FFFFFF&#8221; header_font_size=&#8221;20px&#8221; body_text_color=&#8221;#FFFFFF&#8221; body_font_size=&#8221;16px&#8221; animation_style=&#8221;fade&#8221; global_colors_info=&#8221;{}&#8221;]Nous d\u00e9montrons les normes les plus \u00e9lev\u00e9es de professionnalisme dans nos actions et nos relations avec les clients, les partenaires et les coll\u00e8gues.[\/et_pb_blurb][\/et_pb_column][et_pb_column type=&#8221;1_2&#8243; _builder_version=&#8221;4.27.4&#8243; _module_preset=&#8221;default&#8221; global_colors_info=&#8221;{}&#8221;][et_pb_blurb title=&#8221;Responsabilit\u00e9&#8221; use_icon=&#8221;on&#8221; font_icon=&#8221;agsdix-fas fa-user-shield||fa||400&#8243; icon_color=&#8221;#FFFFFF&#8221; icon_placement=&#8221;left&#8221; _builder_version=&#8221;4.27.4&#8243; _module_preset=&#8221;default&#8221; header_text_color=&#8221;#FFFFFF&#8221; header_font_size=&#8221;20px&#8221; body_text_color=&#8221;#FFFFFF&#8221; body_font_size=&#8221;16px&#8221; animation_style=&#8221;fade&#8221; global_colors_info=&#8221;{}&#8221;]Nous privil\u00e9gions la bonne gouvernance, la transparence et les pratiques \u00e9thiques dans tous les aspects de nos op\u00e9rations.[\/et_pb_blurb][\/et_pb_column][\/et_pb_row][\/et_pb_section]<\/p>\n","protected":false},"excerpt":{"rendered":"<p>Nos valeurs fondamentalesEngag\u00e9 envers la croissance et le succ\u00e8sCes valeurs d\u00e9finissent qui nous sommes et guident notre mission de cr\u00e9er un changement positif durable.Nous sommes engag\u00e9s dans la croissance et le succ\u00e8s de nos b\u00e9n\u00e9ficiaires, que nous reconnaissons comme la pierre angulaire de notre mission.Nous adoptons une culture d&#8217;apprentissage et de croissance continus, cherchant toujours [&hellip;]<\/p>\n","protected":false},"author":1,"featured_media":0,"parent":0,"menu_order":0,"comment_status":"closed","ping_status":"closed","template":"","meta":{"_et_pb_use_builder":"on","_et_pb_old_content":"","_et_gb_content_width":"","footnotes":""},"class_list":["post-72545","page","type-page","status-publish","hentry"],"_links":{"self":[{"href":"https:\/\/fej-canada.ca\/fr\/wp-json\/wp\/v2\/pages\/72545","targetHints":{"allow":["GET"]}}],"collection":[{"href":"https:\/\/fej-canada.ca\/fr\/wp-json\/wp\/v2\/pages"}],"about":[{"href":"https:\/\/fej-canada.ca\/fr\/wp-json\/wp\/v2\/types\/page"}],"author":[{"embeddable":true,"href":"https:\/\/fej-canada.ca\/fr\/wp-json\/wp\/v2\/users\/1"}],"replies":[{"embeddable":true,"href":"https:\/\/fej-canada.ca\/fr\/wp-json\/wp\/v2\/comments?post=72545"}],"version-history":[{"count":2,"href":"https:\/\/fej-canada.ca\/fr\/wp-json\/wp\/v2\/pages\/72545\/revisions"}],"predecessor-version":[{"id":72547,"href":"https:\/\/fej-canada.ca\/fr\/wp-json\/wp\/v2\/pages\/72545\/revisions\/72547"}],"wp:attachment":[{"href":"https:\/\/fej-canada.ca\/fr\/wp-json\/wp\/v2\/media?parent=72545"}],"curies":[{"name":"wp","href":"https:\/\/api.w.org\/{rel}","templated":true}]}}