{"id":72535,"date":"2025-03-17T02:10:08","date_gmt":"2025-03-17T06:10:08","guid":{"rendered":"https:\/\/fej-canada.ca\/comment-nous-aidons\/"},"modified":"2025-05-25T13:55:14","modified_gmt":"2025-05-25T17:55:14","slug":"comment-nous-aidons","status":"publish","type":"page","link":"https:\/\/fej-canada.ca\/fr\/comment-nous-aidons\/","title":{"rendered":"Comment Nous Aidons ?"},"content":{"rendered":"<p>[et_pb_section fb_built=&#8221;1&#8243; _builder_version=&#8221;4.27.4&#8243; _module_preset=&#8221;default&#8221; background_image=&#8221;https:\/\/fej-canada.ca\/wp-content\/uploads\/how-we-help-header.jpg&#8221; custom_margin=&#8221;||||false|false&#8221; custom_padding=&#8221;10vw||10vw|2vw|false|false&#8221; animation_style=&#8221;fade&#8221; da_disable_devices=&#8221;off|off|off&#8221; border_color_all=&#8221;gcid-992f014b-a570-4bb3-86ef-451bf52c7d0a&#8221; border_width_bottom=&#8221;10px&#8221; global_colors_info=&#8221;{%22gcid-992f014b-a570-4bb3-86ef-451bf52c7d0a%22:%91%22border_color_all%22,%22border_color_bottom%22%93}&#8221; da_is_popup=&#8221;off&#8221; da_exit_intent=&#8221;off&#8221; da_has_close=&#8221;on&#8221; da_alt_close=&#8221;off&#8221; da_dark_close=&#8221;off&#8221; da_not_modal=&#8221;on&#8221; da_is_singular=&#8221;off&#8221; da_with_loader=&#8221;off&#8221; da_has_shadow=&#8221;on&#8221;][et_pb_row _builder_version=&#8221;4.27.4&#8243; _module_preset=&#8221;default&#8221; background_color=&#8221;rgba(255,255,255,0.85)&#8221; width=&#8221;30%&#8221; module_alignment=&#8221;left&#8221; custom_margin=&#8221;|||2vw|false|false&#8221; custom_padding=&#8221;4vw|2vw|4vw|2vw|true|true&#8221; animation_style=&#8221;slide&#8221; animation_direction=&#8221;left&#8221; animation_delay=&#8221;500ms&#8221; box_shadow_style=&#8221;preset2&#8243; global_colors_info=&#8221;{}&#8221;][et_pb_column type=&#8221;4_4&#8243; _builder_version=&#8221;4.16&#8243; _module_preset=&#8221;default&#8221; global_colors_info=&#8221;{}&#8221;][et_pb_text _builder_version=&#8221;4.27.4&#8243; _module_preset=&#8221;default&#8221; header_font=&#8221;|700|||||||&#8221; header_3_font=&#8221;|700|||||||&#8221; header_3_text_align=&#8221;left&#8221; header_3_font_size=&#8221;30px&#8221; hover_enabled=&#8221;0&#8243; global_colors_info=&#8221;{}&#8221; sticky_enabled=&#8221;0&#8243;]<\/p>\n<h1>\u00c9ducation Primaire<\/h1>\n<p>[\/et_pb_text][et_pb_text _builder_version=&#8221;4.27.4&#8243; _module_preset=&#8221;default&#8221; global_colors_info=&#8221;{}&#8221;]<\/p>\n<p>Un Mod\u00e8le d&#8217;Excellence \u00c9ducative <\/p>\n<p>[\/et_pb_text][\/et_pb_column][\/et_pb_row][\/et_pb_section][et_pb_section fb_built=&#8221;1&#8243; _builder_version=&#8221;4.27.4&#8243; _module_preset=&#8221;default&#8221; custom_margin_tablet=&#8221;25vw||||false|false&#8221; custom_margin_phone=&#8221;60vw||||false|false&#8221; custom_margin_last_edited=&#8221;on|phone&#8221; da_disable_devices=&#8221;off|off|off&#8221; global_colors_info=&#8221;{}&#8221; da_is_popup=&#8221;off&#8221; da_exit_intent=&#8221;off&#8221; da_has_close=&#8221;on&#8221; da_alt_close=&#8221;off&#8221; da_dark_close=&#8221;off&#8221; da_not_modal=&#8221;on&#8221; da_is_singular=&#8221;off&#8221; da_with_loader=&#8221;off&#8221; da_has_shadow=&#8221;on&#8221;][et_pb_row _builder_version=&#8221;4.27.4&#8243; _module_preset=&#8221;default&#8221; max_width=&#8221;100%&#8221; custom_margin=&#8221;0vw|auto||auto|false|false&#8221; custom_padding=&#8221;25px||0px|||&#8221; global_colors_info=&#8221;{}&#8221;][et_pb_column type=&#8221;4_4&#8243; _builder_version=&#8221;4.16&#8243; _module_preset=&#8221;default&#8221; global_colors_info=&#8221;{}&#8221;][et_pb_text _builder_version=&#8221;4.27.4&#8243; _module_preset=&#8221;default&#8221; header_2_font=&#8221;||||||||&#8221; header_2_text_align=&#8221;left&#8221; header_2_text_color=&#8221;gcid-a9c3adc8-46a2-4f80-adf8-d194e50183f6&#8243; header_2_font_size=&#8221;20px&#8221; custom_margin=&#8221;||0px||false|false&#8221; global_colors_info=&#8221;{%22gcid-a9c3adc8-46a2-4f80-adf8-d194e50183f6%22:%91%22header_2_text_color%22%93}&#8221;]<\/p>\n<h2>Programme d&#8217;\u00e9ducation \u2013 FEJ Canada :<br \/><strong>Construire des avenirs gr\u00e2ce \u00e0 l&#8217;\u00e9ducation mondiale<\/strong><\/h2>\n<p>[\/et_pb_text][et_pb_text _builder_version=&#8221;4.27.4&#8243; _module_preset=&#8221;default&#8221; text_line_height=&#8221;1.2em&#8221; header_2_font=&#8221;Dancing Script|700|||||||&#8221; header_2_text_align=&#8221;right&#8221; header_2_font_size=&#8221;34px&#8221; custom_css_main_element=&#8221;margin: auto;&#8221; global_colors_info=&#8221;{}&#8221;]<\/p>\n<p>Les programmes \u00e9ducatifs de la Fondation Enfant Jeunesse (FEJ) se consacrent \u00e0 transformer des vies et \u00e0 fa\u00e7onner des avenirs plus brillants gr\u00e2ce \u00e0 l&#8217;action mondiale dans le domaine de l&#8217;\u00e9ducation. Dans les communaut\u00e9s o\u00f9 l&#8217;acc\u00e8s \u00e0 une \u00e9ducation de qualit\u00e9 et \u00e0 une formation professionnelle est limit\u00e9, nos initiatives servent de phares d&#8217;espoir, offrant des opportunit\u00e9s essentielles pour les enfants et les familles dans le monde entier.<\/p>\n<p>Depuis sa cr\u00e9ation, les programmes \u00e9ducatifs de la FEJ se sont constamment concentr\u00e9s sur l&#8217;autonomisation des \u00e9tudiants et le d\u00e9veloppement de la r\u00e9silience. En offrant des voies vers le succ\u00e8s acad\u00e9mique et la croissance personnelle, nous posons les bases de communaut\u00e9s plus saines et plus prosp\u00e8res dans des r\u00e9gions diverses.<\/p>\n<p>[\/et_pb_text][\/et_pb_column][\/et_pb_row][\/et_pb_section][et_pb_section fb_built=&#8221;1&#8243; _builder_version=&#8221;4.27.4&#8243; _module_preset=&#8221;default&#8221; use_background_color_gradient=&#8221;on&#8221; background_color_gradient_stops=&#8221;rgba(0,0,0,0.75) 0%|rgba(0,0,0,0.75) 100%&#8221; background_color_gradient_overlays_image=&#8221;on&#8221; background_image=&#8221;https:\/\/fej-canada.ca\/wp-content\/uploads\/fej-classroom-parallax.jpg&#8221; parallax=&#8221;on&#8221; parallax_method=&#8221;off&#8221; background_blend=&#8221;hard-light&#8221; custom_padding=&#8221;8vw||8vw||true|false&#8221; da_disable_devices=&#8221;off|off|off&#8221; global_colors_info=&#8221;{}&#8221; da_is_popup=&#8221;off&#8221; da_exit_intent=&#8221;off&#8221; da_has_close=&#8221;on&#8221; da_alt_close=&#8221;off&#8221; da_dark_close=&#8221;off&#8221; da_not_modal=&#8221;on&#8221; da_is_singular=&#8221;off&#8221; da_with_loader=&#8221;off&#8221; da_has_shadow=&#8221;on&#8221;][et_pb_row column_structure=&#8221;1_2,1_2&#8243; _builder_version=&#8221;4.27.4&#8243; _module_preset=&#8221;default&#8221; global_colors_info=&#8221;{}&#8221;][et_pb_column type=&#8221;1_2&#8243; _builder_version=&#8221;4.27.4&#8243; _module_preset=&#8221;default&#8221; global_colors_info=&#8221;{}&#8221;][\/et_pb_column][et_pb_column type=&#8221;1_2&#8243; _builder_version=&#8221;4.27.4&#8243; _module_preset=&#8221;default&#8221; global_colors_info=&#8221;{}&#8221;][et_pb_text _builder_version=&#8221;4.27.4&#8243; _module_preset=&#8221;default&#8221; text_text_color=&#8221;#FFFFFF&#8221; global_colors_info=&#8221;{}&#8221;]<\/p>\n<p><strong>Pourquoi ce programme est-il important ?<\/strong><\/p>\n<p>\u00c0 l&#8217;\u00e9chelle mondiale, de nombreuses communaut\u00e9s mal desservies sont confront\u00e9es \u00e0 des obstacles importants \u00e0 l&#8217;\u00e9ducation, allant des ressources limit\u00e9es aux d\u00e9fis syst\u00e9miques. FEJ Canada aborde ces lacunes en adoptant une approche holistique de l&#8217;\u00e9ducation, alliant rigueur acad\u00e9mique et services essentiels tels que :<\/p>\n<p>&nbsp;<\/p>\n<ul>\n<li>Des soins de sant\u00e9 pour s&#8217;assurer que les \u00e9tudiants sont en bonne sant\u00e9 physique et pr\u00eats \u00e0 apprendre.<\/li>\n<li>Programmes de nutrition pour lutter contre la faim et soutenir le d\u00e9veloppement cognitif.<\/li>\n<li>Formation aux comp\u00e9tences de vie pour pr\u00e9parer les \u00e9tudiants \u00e0 des avenirs durables et r\u00e9ussis.<\/li>\n<\/ul>\n<p>[\/et_pb_text][\/et_pb_column][\/et_pb_row][\/et_pb_section][et_pb_section fb_built=&#8221;1&#8243; _builder_version=&#8221;4.27.4&#8243; _module_preset=&#8221;default&#8221; da_disable_devices=&#8221;off|off|off&#8221; global_colors_info=&#8221;{}&#8221; da_is_popup=&#8221;off&#8221; da_exit_intent=&#8221;off&#8221; da_has_close=&#8221;on&#8221; da_alt_close=&#8221;off&#8221; da_dark_close=&#8221;off&#8221; da_not_modal=&#8221;on&#8221; da_is_singular=&#8221;off&#8221; da_with_loader=&#8221;off&#8221; da_has_shadow=&#8221;on&#8221;][et_pb_row column_structure=&#8221;3_5,2_5&#8243; _builder_version=&#8221;4.27.4&#8243; _module_preset=&#8221;default&#8221; global_colors_info=&#8221;{}&#8221;][et_pb_column type=&#8221;3_5&#8243; _builder_version=&#8221;4.27.4&#8243; _module_preset=&#8221;default&#8221; global_colors_info=&#8221;{}&#8221;][ba_gradient_heading title=&#8221;Un Mod\u00e8le d&#039;Excellence \u00c9ducative &#8221; html_tag=&#8221;h2&#8243; primary_color=&#8221;gcid-a9c3adc8-46a2-4f80-adf8-d194e50183f6&#8243; primary_color_location=&#8221;30&#8243; secondary_color=&#8221;gcid-992f014b-a570-4bb3-86ef-451bf52c7d0a&#8221; secondary_color_location=&#8221;70&#8243; angle=&#8221;45&#8243; _builder_version=&#8221;4.27.4&#8243; _module_preset=&#8221;default&#8221; title_font_size=&#8221;3rem&#8221; title_line_height=&#8221;1em&#8221; global_colors_info=&#8221;{%22gcid-a9c3adc8-46a2-4f80-adf8-d194e50183f6%22:%91%22primary_color%22%93,%22gcid-992f014b-a570-4bb3-86ef-451bf52c7d0a%22:%91%22secondary_color%22%93}&#8221;][\/ba_gradient_heading][et_pb_text _builder_version=&#8221;4.27.4&#8243; _module_preset=&#8221;default&#8221; global_colors_info=&#8221;{}&#8221;]<\/p>\n<p><strong>FEJ Canada<\/strong> s&#8217;efforce d&#8217;\u00e9tablir une norme mondiale pour l&#8217;innovation dans l&#8217;\u00e9ducation et la garde d&#8217;enfants. En int\u00e9grant des services de soutien globaux et en favorisant des partenariats communautaires solides, nous red\u00e9finissons ce qui est possible pour les communaut\u00e9s sous-repr\u00e9sent\u00e9es.<\/p>\n<p>Gr\u00e2ce \u00e0 nos initiatives \u00e9ducatives, nous visons \u00e0 inspirer le changement, \u00e0 autonomiser les familles et \u00e0 lib\u00e9rer le potentiel de chaque enfant, en construisant un avenir o\u00f9 l&#8217;acc\u00e8s \u00e0 une \u00e9ducation de qualit\u00e9 est une r\u00e9alit\u00e9 pour tous.<\/p>\n<p>[\/et_pb_text][\/et_pb_column][et_pb_column type=&#8221;2_5&#8243; _builder_version=&#8221;4.27.4&#8243; _module_preset=&#8221;default&#8221; global_colors_info=&#8221;{}&#8221;][et_pb_image src=&#8221;https:\/\/fej-canada.ca\/wp-content\/uploads\/Youth-dialogue.jpg&#8221; alt=&#8221;Dialogue jeunesse &#8221; title_text=&#8221;Dialogue des jeunes FEJ&#8221; align=&#8221;center&#8221; _builder_version=&#8221;4.27.4&#8243; _module_preset=&#8221;default&#8221; animation_style=&#8221;slide&#8221; animation_direction=&#8221;right&#8221; box_shadow_style=&#8221;preset3&#8243; global_colors_info=&#8221;{}&#8221;][\/et_pb_image][\/et_pb_column][\/et_pb_row][et_pb_row _builder_version=&#8221;4.27.4&#8243; _module_preset=&#8221;default&#8221; global_colors_info=&#8221;{}&#8221;][et_pb_column type=&#8221;4_4&#8243; _builder_version=&#8221;4.27.4&#8243; _module_preset=&#8221;default&#8221; global_colors_info=&#8221;{}&#8221;][et_pb_text _builder_version=&#8221;4.27.4&#8243; _module_preset=&#8221;default&#8221; text_font=&#8221;|700|on||||||&#8221; text_text_color=&#8221;gcid-a9c3adc8-46a2-4f80-adf8-d194e50183f6&#8243; text_font_size=&#8221;22px&#8221; text_orientation=&#8221;center&#8221; global_colors_info=&#8221;{%22gcid-a9c3adc8-46a2-4f80-adf8-d194e50183f6%22:%91%22text_text_color%22%93}&#8221;]<\/p>\n<p>Rejoignez-nous pour fa\u00e7onner des avenirs meilleurs. Ensemble, nous pouvons faire une diff\u00e9rence consid\u00e9rable.<\/p>\n<p>[\/et_pb_text][\/et_pb_column][\/et_pb_row][\/et_pb_section]<\/p>\n","protected":false},"excerpt":{"rendered":"<p>\u00c9ducation PrimaireUn Mod\u00e8le d&#8217;Excellence \u00c9ducative Programme d&#8217;\u00e9ducation \u2013 FEJ Canada :Construire des avenirs gr\u00e2ce \u00e0 l&#8217;\u00e9ducation mondialeLes programmes \u00e9ducatifs de la Fondation Enfant Jeunesse (FEJ) se consacrent \u00e0 transformer des vies et \u00e0 fa\u00e7onner des avenirs plus brillants gr\u00e2ce \u00e0 l&#8217;action mondiale dans le domaine de l&#8217;\u00e9ducation. Dans les communaut\u00e9s o\u00f9 l&#8217;acc\u00e8s \u00e0 une \u00e9ducation [&hellip;]<\/p>\n","protected":false},"author":1,"featured_media":0,"parent":0,"menu_order":0,"comment_status":"closed","ping_status":"closed","template":"","meta":{"_et_pb_use_builder":"on","_et_pb_old_content":"","_et_gb_content_width":"","footnotes":""},"class_list":["post-72535","page","type-page","status-publish","hentry"],"_links":{"self":[{"href":"https:\/\/fej-canada.ca\/fr\/wp-json\/wp\/v2\/pages\/72535","targetHints":{"allow":["GET"]}}],"collection":[{"href":"https:\/\/fej-canada.ca\/fr\/wp-json\/wp\/v2\/pages"}],"about":[{"href":"https:\/\/fej-canada.ca\/fr\/wp-json\/wp\/v2\/types\/page"}],"author":[{"embeddable":true,"href":"https:\/\/fej-canada.ca\/fr\/wp-json\/wp\/v2\/users\/1"}],"replies":[{"embeddable":true,"href":"https:\/\/fej-canada.ca\/fr\/wp-json\/wp\/v2\/comments?post=72535"}],"version-history":[{"count":2,"href":"https:\/\/fej-canada.ca\/fr\/wp-json\/wp\/v2\/pages\/72535\/revisions"}],"predecessor-version":[{"id":72537,"href":"https:\/\/fej-canada.ca\/fr\/wp-json\/wp\/v2\/pages\/72535\/revisions\/72537"}],"wp:attachment":[{"href":"https:\/\/fej-canada.ca\/fr\/wp-json\/wp\/v2\/media?parent=72535"}],"curies":[{"name":"wp","href":"https:\/\/api.w.org\/{rel}","templated":true}]}}