{"id":72522,"date":"2025-03-18T08:43:15","date_gmt":"2025-03-18T12:43:15","guid":{"rendered":"https:\/\/fej-canada.ca\/questions-frequemment-posees\/"},"modified":"2025-05-25T13:21:32","modified_gmt":"2025-05-25T17:21:32","slug":"questions-frequemment-posees","status":"publish","type":"page","link":"https:\/\/fej-canada.ca\/fr\/questions-frequemment-posees\/","title":{"rendered":"Questions Fr\u00e9quemment Pos\u00e9es"},"content":{"rendered":"<p>[et_pb_section fb_built=&#8221;1&#8243; _builder_version=&#8221;4.27.4&#8243; _module_preset=&#8221;default&#8221; background_image=&#8221;https:\/\/fej-canada.ca\/wp-content\/uploads\/faqs-header.jpg&#8221; custom_margin=&#8221;||||false|false&#8221; custom_padding=&#8221;10vw||10vw|2vw|false|false&#8221; animation_style=&#8221;fade&#8221; da_disable_devices=&#8221;off|off|off&#8221; border_color_all=&#8221;gcid-992f014b-a570-4bb3-86ef-451bf52c7d0a&#8221; border_width_bottom=&#8221;10px&#8221; global_colors_info=&#8221;{%22gcid-992f014b-a570-4bb3-86ef-451bf52c7d0a%22:%91%22border_color_all%22,%22border_color_bottom%22%93}&#8221; da_is_popup=&#8221;off&#8221; da_exit_intent=&#8221;off&#8221; da_has_close=&#8221;on&#8221; da_alt_close=&#8221;off&#8221; da_dark_close=&#8221;off&#8221; da_not_modal=&#8221;on&#8221; da_is_singular=&#8221;off&#8221; da_with_loader=&#8221;off&#8221; da_has_shadow=&#8221;on&#8221;][et_pb_row _builder_version=&#8221;4.27.4&#8243; _module_preset=&#8221;default&#8221; background_color=&#8221;rgba(255,255,255,0.65)&#8221; width=&#8221;30%&#8221; module_alignment=&#8221;left&#8221; custom_margin=&#8221;|||2vw|false|false&#8221; custom_padding=&#8221;4vw|2vw|4vw|2vw|true|true&#8221; animation_style=&#8221;slide&#8221; animation_direction=&#8221;left&#8221; animation_delay=&#8221;500ms&#8221; box_shadow_style=&#8221;preset2&#8243; global_colors_info=&#8221;{}&#8221;][et_pb_column type=&#8221;4_4&#8243; _builder_version=&#8221;4.16&#8243; _module_preset=&#8221;default&#8221; global_colors_info=&#8221;{}&#8221;][et_pb_text _builder_version=&#8221;4.27.4&#8243; _module_preset=&#8221;default&#8221; header_font=&#8221;|700|||||||&#8221; header_3_font=&#8221;|700|||||||&#8221; header_3_text_align=&#8221;left&#8221; header_3_font_size=&#8221;30px&#8221; global_colors_info=&#8221;{}&#8221;]<\/p>\n<h1>FAQ<\/h1>\n<p>[\/et_pb_text][et_pb_text _builder_version=&#8221;4.27.4&#8243; _module_preset=&#8221;default&#8221; text_font_size=&#8221;20px&#8221; global_colors_info=&#8221;{}&#8221;]Programme de recommandation scolaire[\/et_pb_text][\/et_pb_column][\/et_pb_row][\/et_pb_section][et_pb_section fb_built=&#8221;1&#8243; _builder_version=&#8221;4.27.4&#8243; _module_preset=&#8221;default&#8221; custom_margin_tablet=&#8221;25vw||||false|false&#8221; custom_margin_phone=&#8221;60vw||||false|false&#8221; custom_margin_last_edited=&#8221;on|phone&#8221; da_disable_devices=&#8221;off|off|off&#8221; global_colors_info=&#8221;{}&#8221; da_is_popup=&#8221;off&#8221; da_exit_intent=&#8221;off&#8221; da_has_close=&#8221;on&#8221; da_alt_close=&#8221;off&#8221; da_dark_close=&#8221;off&#8221; da_not_modal=&#8221;on&#8221; da_is_singular=&#8221;off&#8221; da_with_loader=&#8221;off&#8221; da_has_shadow=&#8221;on&#8221;][et_pb_row use_custom_gutter=&#8221;on&#8221; gutter_width=&#8221;1&#8243; _builder_version=&#8221;4.27.4&#8243; _module_preset=&#8221;default&#8221; max_width=&#8221;100%&#8221; custom_margin=&#8221;0vw|auto||auto|false|false&#8221; custom_padding=&#8221;25px||0px|||&#8221; global_colors_info=&#8221;{}&#8221;][et_pb_column type=&#8221;4_4&#8243; _builder_version=&#8221;4.16&#8243; _module_preset=&#8221;default&#8221; global_colors_info=&#8221;{}&#8221;][et_pb_text _builder_version=&#8221;4.27.4&#8243; _module_preset=&#8221;default&#8221; header_2_font=&#8221;|700|||||||&#8221; header_2_text_align=&#8221;left&#8221; header_2_text_color=&#8221;gcid-heading-color&#8221; header_2_font_size=&#8221;20px&#8221; custom_margin=&#8221;||0px||false|false&#8221; hover_enabled=&#8221;0&#8243; global_colors_info=&#8221;{%22gcid-heading-color%22:%91%22header_2_text_color%22%93}&#8221; sticky_enabled=&#8221;0&#8243;]<\/p>\n<h2>Questions fr\u00e9quentes sur notre programme de parrainage scolaire<\/h2>\n<p>[\/et_pb_text][\/et_pb_column][\/et_pb_row][et_pb_row _builder_version=&#8221;4.27.4&#8243; _module_preset=&#8221;default&#8221; global_colors_info=&#8221;{}&#8221;][et_pb_column type=&#8221;4_4&#8243; _builder_version=&#8221;4.27.4&#8243; _module_preset=&#8221;default&#8221; global_colors_info=&#8221;{}&#8221;][et_pb_text _builder_version=&#8221;4.27.4&#8243; _module_preset=&#8221;default&#8221; global_colors_info=&#8221;{}&#8221;]<\/p>\n<p><strong>Question : Pouvons-nous rendre visite \u00e0 l&#8217;enfant ?<br \/><\/strong>R\u00e9ponse : Oui ! Cela apporte tant de joie. Veuillez venir et rendre visite.<\/p>\n<p><strong>Question : Recevons-nous une photo ? Eet \u00e0 quelle fr\u00e9quence sont-ils mis \u00e0 jour ?<br \/><\/strong>R\u00e9ponse : Oui, vous recevez une photo. Nous essayons de les mettre \u00e0 jour chaque mois lorsque les enfants envoient leurs lettres qui leur apprennent \u00e0 \u00e9crire et aussi \u00e0 prendre des photos les uns des autres. Ces deux comp\u00e9tences utiles, en plus d&#8217;apprendre sur un monde si diff\u00e9rent du leur, cela ressemble \u00e0 un r\u00eave. <\/p>\n<p><strong>Question : Recevons-nous les r\u00e9sultats de l&#8217;examen ou un rapport sur leur progression \u00e0 l&#8217;\u00e9cole ?<br \/><\/strong>R\u00e9ponse : Oui, nous dessinerons des sponsors, et nous sommes reconnaissants pour cet int\u00e9r\u00eat, tout comme le seront les enfants. Merci de bien vouloir exprimer votre fiert\u00e9 qu&#8217;ils soient \u00e0 l&#8217;\u00e9cole, car rappelez-vous que beaucoup de ces enfants sont tr\u00e8s en retard lorsqu&#8217;ils commencent et sont m\u00eame moqu\u00e9s, ils pensent donc facilement qu&#8217;ils ne sont pas intelligents alors que ce n&#8217;est tout simplement pas vrai. Veuillez trouver leur sp\u00e9cificit\u00e9 plut\u00f4t que de les faire se sentir honteux d&#8217;\u00eatre si en retard par rapport \u00e0 d&#8217;autres enfants qui ne sont pas aussi pauvres.<\/p>\n<p><strong>Question : Pouvons-nous rester en contact avec eux apr\u00e8s qu&#8217;ils aient termin\u00e9 leurs \u00e9tudes, \u00e0 condition que les deux partis soient d&#8217;accord ?<br \/><\/strong>R\u00e9ponse : Absolument !<\/p>\n<p><strong>Question : Les enfants sont-ils encourag\u00e9s \u00e0 \u00e9crire ? Si l&#8217;enfant avait deux parrains, les deux pourraient-ils \u00e9crire \u00e0 l&#8217;enfant ? Comment la correspondance avec l&#8217;enfant est-elle effectu\u00e9e ?<br \/><\/strong>R\u00e9ponse : Veuillez vous assurer de correspondre avec les enfants \u00e0 l&#8217;adresse regine@fej-canada.ca ou \u00e0 l&#8217;adresse postale du bureau \u00e0 Montr\u00e9al et non directement. Nous demandons cela afin de prot\u00e9ger nos sponsors des parents ou d&#8217;autres personnes qui pourraient obtenir leurs e-mails et essayer d&#8217;obtenir de l&#8217;argent de cette mani\u00e8re. Oui! Nous encourageons nos enfants \u00e0 communiquer avec leurs sponsors car cela fait partie de notre mission d&#8217;\u00e9duquer les gens sur les pauvres, mais aussi de donner une voix aux enfants, car tant d&#8217;entre eux ont \u00e9t\u00e9 conditionn\u00e9s \u00e0 rester aussi &#8220;invisibles&#8221; que possible. Il est possible de communiquer avec les enfants par e-mail ou par service postal. Un directeur de centre ou un b\u00e9n\u00e9vole aide les enfants \u00e0 \u00e9crire leurs lettres en anglais.<\/p>\n<p><strong>Question : Comment \u00eates-vous arriv\u00e9 \u00e0 ce montant de 37,00 $ par enfant par mois ?<br \/><\/strong>R\u00e9ponse : Nous avons additionn\u00e9 les co\u00fbts mensuels de toutes les d\u00e9penses scolaires par enfant sur douze mois, puis nous avons divis\u00e9 par le nombre d&#8217;enfants scolaris\u00e9s.<\/p>\n<p><strong>Question : Que couvre le paiement de 37,00 $ ?<br \/><\/strong>Votre argent pour votre enfant paie la nourriture, les v\u00eatements, l&#8217;aide \u00e0 domicile, des soins m\u00e9dicaux simples, les services publics et l&#8217;eau, une activit\u00e9 ou une sortie simple une fois par mois, ainsi que des fournitures de toilettage telles que du savon pour le nettoyage des v\u00eatements et du corps, etc.<\/p>\n<p><strong>Pourquoi votre soutien va-t-il si loin ?<br \/><\/strong>La raison pour laquelle nous sommes capables de faire autant avec si peu est simple : notre \u00e9quipe d\u00e9vou\u00e9e d&#8217;employ\u00e9s r\u00e9mun\u00e9r\u00e9s localement travaille \u00e0 des salaires locaux, et non \u00e0 des \u00ab salaires de charit\u00e9 \u00bb gonfl\u00e9s. Ces individus passionn\u00e9s, avec des b\u00e9n\u00e9voles de la communaut\u00e9 et des b\u00e9n\u00e9voles du monde entier, se rassemblent pour enseigner, nourrir et aimer nos enfants.<\/p>\n<p>De plus, nous avons la chance de poss\u00e9der l&#8217;enceinte de l&#8217;\u00e9cole, donc il n&#8217;y a pas de frais de location co\u00fbteux. Cela signifie que davantage de votre soutien va directement vers ce qui compte le plus, \u00e0 savoir fournir \u00e9ducation, soins et espoir aux enfants que nous servons.<\/p>\n<p>[\/et_pb_text][et_pb_text _builder_version=&#8221;4.27.4&#8243; _module_preset=&#8221;default&#8221; text_font=&#8221;|700|on||||||&#8221; text_text_color=&#8221;gcid-heading-color&#8221; text_orientation=&#8221;center&#8221; global_colors_info=&#8221;{%22gcid-heading-color%22:%91%22text_text_color%22%93}&#8221;]<\/p>\n<p>Rejoignez-nous dans cette mission et soyez le catalyseur d&#8217;un avenir meilleur, un enfant, une communaut\u00e9 et un pas \u00e0 la fois.<\/p>\n<p>[\/et_pb_text][et_pb_button button_url=&#8221;@ET-DC@eyJkeW5hbWljIjp0cnVlLCJjb250ZW50IjoicG9zdF9saW5rX3VybF9wYWdlIiwic2V0dGluZ3MiOnsicG9zdF9pZCI6IjQwMCIsImVuYWJsZV9odG1sIjoib2ZmIn19@&#8221; button_text=&#8221;Parrainer un enfant&#8221; button_alignment=&#8221;center&#8221; _builder_version=&#8221;4.27.4&#8243; _dynamic_attributes=&#8221;button_url&#8221; _module_preset=&#8221;default&#8221; custom_button=&#8221;on&#8221; button_icon=&#8221;agsdix-fas fa-child||fa||400&#8243; button_icon_color=&#8221;#FFFFFF&#8221; global_colors_info=&#8221;{%22gcid-a9c3adc8-46a2-4f80-adf8-d194e50183f6%22:%91%22button_bg_color__hover%22%93}&#8221; button_bg_color__hover_enabled=&#8221;on|hover&#8221; button_bg_color__hover=&#8221;#2f2b6b&#8221; button_bg_enable_color__hover=&#8221;on&#8221;][\/et_pb_button][et_pb_code _builder_version=&#8221;4.27.4&#8243; _module_preset=&#8221;default&#8221; border_color_all=&#8221;gcid-a9c3adc8-46a2-4f80-adf8-d194e50183f6&#8243; global_colors_info=&#8221;{%22gcid-a9c3adc8-46a2-4f80-adf8-d194e50183f6%22:%91%22border_color_all%22%93}&#8221;]<\/p>\n<style><!-- [et_pb_line_break_holder] -->  strong { color: #2f2b6b}<!-- [et_pb_line_break_holder] --><\/style>\n<p>[\/et_pb_code][\/et_pb_column][\/et_pb_row][\/et_pb_section]<\/p>\n","protected":false},"excerpt":{"rendered":"<p>FAQProgramme de recommandation scolaireQuestions fr\u00e9quentes sur notre programme de parrainage scolaireQuestion : Pouvons-nous rendre visite \u00e0 l&#8217;enfant ?R\u00e9ponse : Oui ! Cela apporte tant de joie. Veuillez venir et rendre visite. Question : Recevons-nous une photo ? Eet \u00e0 quelle fr\u00e9quence sont-ils mis \u00e0 jour ?R\u00e9ponse : Oui, vous recevez une photo. Nous essayons de [&hellip;]<\/p>\n","protected":false},"author":1,"featured_media":0,"parent":0,"menu_order":0,"comment_status":"closed","ping_status":"closed","template":"","meta":{"_et_pb_use_builder":"on","_et_pb_old_content":"","_et_gb_content_width":"","footnotes":""},"class_list":["post-72522","page","type-page","status-publish","hentry"],"_links":{"self":[{"href":"https:\/\/fej-canada.ca\/fr\/wp-json\/wp\/v2\/pages\/72522","targetHints":{"allow":["GET"]}}],"collection":[{"href":"https:\/\/fej-canada.ca\/fr\/wp-json\/wp\/v2\/pages"}],"about":[{"href":"https:\/\/fej-canada.ca\/fr\/wp-json\/wp\/v2\/types\/page"}],"author":[{"embeddable":true,"href":"https:\/\/fej-canada.ca\/fr\/wp-json\/wp\/v2\/users\/1"}],"replies":[{"embeddable":true,"href":"https:\/\/fej-canada.ca\/fr\/wp-json\/wp\/v2\/comments?post=72522"}],"version-history":[{"count":2,"href":"https:\/\/fej-canada.ca\/fr\/wp-json\/wp\/v2\/pages\/72522\/revisions"}],"predecessor-version":[{"id":72524,"href":"https:\/\/fej-canada.ca\/fr\/wp-json\/wp\/v2\/pages\/72522\/revisions\/72524"}],"wp:attachment":[{"href":"https:\/\/fej-canada.ca\/fr\/wp-json\/wp\/v2\/media?parent=72522"}],"curies":[{"name":"wp","href":"https:\/\/api.w.org\/{rel}","templated":true}]}}