{"id":72506,"date":"2025-03-17T02:19:02","date_gmt":"2025-03-17T06:19:02","guid":{"rendered":"https:\/\/fej-canada.ca\/programmes-educatifs\/"},"modified":"2025-05-25T12:56:35","modified_gmt":"2025-05-25T16:56:35","slug":"programmes-educatifs","status":"publish","type":"page","link":"https:\/\/fej-canada.ca\/fr\/programmes-educatifs\/","title":{"rendered":"Programmes \u00e9ducatifs"},"content":{"rendered":"<p>[et_pb_section fb_built=&#8221;1&#8243; _builder_version=&#8221;4.27.4&#8243; _module_preset=&#8221;default&#8221; background_color=&#8221;#000000&#8243; background_image=&#8221;https:\/\/fej-canada.ca\/wp-content\/uploads\/gedi-header-5.png&#8221; custom_margin=&#8221;||||false|false&#8221; custom_padding=&#8221;10vw||10vw|2vw|false|false&#8221; animation_style=&#8221;fade&#8221; da_disable_devices=&#8221;off|off|off&#8221; border_color_all=&#8221;gcid-992f014b-a570-4bb3-86ef-451bf52c7d0a&#8221; border_width_bottom=&#8221;10px&#8221; global_colors_info=&#8221;{%22gcid-992f014b-a570-4bb3-86ef-451bf52c7d0a%22:%91%22border_color_all%22,%22border_color_bottom%22%93}&#8221; da_is_popup=&#8221;off&#8221; da_exit_intent=&#8221;off&#8221; da_has_close=&#8221;on&#8221; da_alt_close=&#8221;off&#8221; da_dark_close=&#8221;off&#8221; da_not_modal=&#8221;on&#8221; da_is_singular=&#8221;off&#8221; da_with_loader=&#8221;off&#8221; da_has_shadow=&#8221;on&#8221;][et_pb_row _builder_version=&#8221;4.27.4&#8243; _module_preset=&#8221;default&#8221; background_color=&#8221;rgba(255,255,255,0.85)&#8221; width=&#8221;30%&#8221; module_alignment=&#8221;left&#8221; custom_margin=&#8221;|||2vw|false|false&#8221; custom_padding=&#8221;4vw|1vw|4vw|1vw|true|true&#8221; animation_style=&#8221;slide&#8221; animation_direction=&#8221;left&#8221; animation_delay=&#8221;500ms&#8221; box_shadow_style=&#8221;preset2&#8243; global_colors_info=&#8221;{}&#8221;][et_pb_column type=&#8221;4_4&#8243; _builder_version=&#8221;4.27.4&#8243; _module_preset=&#8221;default&#8221; global_colors_info=&#8221;{}&#8221;][et_pb_text _builder_version=&#8221;4.27.4&#8243; _module_preset=&#8221;default&#8221; header_font=&#8221;|700|||||||&#8221; header_3_font=&#8221;|700|||||||&#8221; header_3_text_align=&#8221;left&#8221; header_3_font_size=&#8221;30px&#8221; global_colors_info=&#8221;{}&#8221;]<\/p>\n<h1>Programmes d&#8217;\u00e9ducation mondiale<\/h1>\n<p>[\/et_pb_text][et_pb_text _builder_version=&#8221;4.27.4&#8243; _module_preset=&#8221;default&#8221; global_colors_info=&#8221;{}&#8221;]<\/p>\n<p>Notre engagement envers un avenir meilleur<\/p>\n<p>[\/et_pb_text][\/et_pb_column][\/et_pb_row][\/et_pb_section][et_pb_section fb_built=&#8221;1&#8243; _builder_version=&#8221;4.27.4&#8243; _module_preset=&#8221;default&#8221; custom_margin_tablet=&#8221;25vw||||false|false&#8221; custom_margin_phone=&#8221;60vw||||false|false&#8221; custom_margin_last_edited=&#8221;on|phone&#8221; da_disable_devices=&#8221;off|off|off&#8221; global_colors_info=&#8221;{}&#8221; da_is_popup=&#8221;off&#8221; da_exit_intent=&#8221;off&#8221; da_has_close=&#8221;on&#8221; da_alt_close=&#8221;off&#8221; da_dark_close=&#8221;off&#8221; da_not_modal=&#8221;on&#8221; da_is_singular=&#8221;off&#8221; da_with_loader=&#8221;off&#8221; da_has_shadow=&#8221;on&#8221;][et_pb_row column_structure=&#8221;3_5,2_5&#8243; make_equal=&#8221;on&#8221; _builder_version=&#8221;4.27.4&#8243; _module_preset=&#8221;default&#8221; max_width=&#8221;100%&#8221; custom_margin=&#8221;0vw|auto||auto|false|false&#8221; custom_padding=&#8221;25px||0px|||&#8221; global_colors_info=&#8221;{}&#8221;][et_pb_column type=&#8221;3_5&#8243; _builder_version=&#8221;4.16&#8243; _module_preset=&#8221;default&#8221; global_colors_info=&#8221;{}&#8221;][et_pb_text _builder_version=&#8221;4.27.4&#8243; _module_preset=&#8221;default&#8221; header_2_font=&#8221;|700|||||||&#8221; header_2_text_align=&#8221;left&#8221; header_2_text_color=&#8221;gcid-a9c3adc8-46a2-4f80-adf8-d194e50183f6&#8243; header_2_font_size=&#8221;22px&#8221; custom_margin=&#8221;||0px||false|false&#8221; global_colors_info=&#8221;{%22gcid-a9c3adc8-46a2-4f80-adf8-d194e50183f6%22:%91%22header_2_text_color%22%93}&#8221;]<\/p>\n<h2>Qui sommes-nous ?<\/h2>\n<p>[\/et_pb_text][et_pb_text _builder_version=&#8221;4.27.4&#8243; _module_preset=&#8221;default&#8221; header_2_font=&#8221;Dancing Script|700|||||||&#8221; header_2_text_align=&#8221;right&#8221; header_2_font_size=&#8221;34px&#8221; hover_enabled=&#8221;0&#8243; custom_css_main_element=&#8221;margin: auto;&#8221; global_colors_info=&#8221;{}&#8221; text_line_height=&#8221;1.2em&#8221; sticky_enabled=&#8221;0&#8243;]<\/p>\n<p>Au c\u0153ur de notre organisation se trouve une profonde passion pour faire une diff\u00e9rence. Notre \u00e9quipe d\u00e9di\u00e9e adopte une <strong>approche holistique<\/strong>, r\u00e9pondant aux besoins divers des enfants et des familles avec un engagement ferme en faveur de <strong>la protection de l&#8217;enfance<\/strong> et de la <strong>pr\u00e9servation de la famille<\/strong>. En cr\u00e9ant des environnements s\u00fbrs et bienveillants et en fournissant un soutien complet, nous donnons aux familles les moyens de prosp\u00e9rer.  Ensemble, nous construisons des communaut\u00e9s plus fortes et des avenirs plus brillants, une famille \u00e0 la fois.<\/p>\n<p>[\/et_pb_text][\/et_pb_column][et_pb_column type=&#8221;2_5&#8243; _builder_version=&#8221;4.16&#8243; _module_preset=&#8221;default&#8221; global_colors_info=&#8221;{}&#8221;][et_pb_image src=&#8221;https:\/\/fej-canada.ca\/wp-content\/uploads\/Chache-lavi_third-photo.jpg&#8221; title_text=&#8221;Chache lavi_third photo&#8221; align=&#8221;center&#8221; _builder_version=&#8221;4.27.4&#8243; _module_preset=&#8221;default&#8221; animation_style=&#8221;slide&#8221; animation_direction=&#8221;right&#8221; box_shadow_style=&#8221;preset2&#8243; global_colors_info=&#8221;{}&#8221;][\/et_pb_image][\/et_pb_column][\/et_pb_row][\/et_pb_section][et_pb_section fb_built=&#8221;1&#8243; _builder_version=&#8221;4.27.4&#8243; _module_preset=&#8221;default&#8221; background_color=&#8221;#FFFFFF&#8221; background_enable_image=&#8221;off&#8221; parallax=&#8221;on&#8221; da_disable_devices=&#8221;off|off|off&#8221; global_colors_info=&#8221;{%22gcid-a9c3adc8-46a2-4f80-adf8-d194e50183f6%22:%91%22background_color_gradient_stops%22%93,%22gcid-heading-color%22:%91%22background_color_gradient_stops%22%93}&#8221; da_is_popup=&#8221;off&#8221; da_exit_intent=&#8221;off&#8221; da_has_close=&#8221;on&#8221; da_alt_close=&#8221;off&#8221; da_dark_close=&#8221;off&#8221; da_not_modal=&#8221;on&#8221; da_is_singular=&#8221;off&#8221; da_with_loader=&#8221;off&#8221; da_has_shadow=&#8221;on&#8221;][et_pb_row _builder_version=&#8221;4.27.4&#8243; _module_preset=&#8221;default&#8221; background_color=&#8221;#FFFFFF&#8221; custom_padding=&#8221;0px||0px|||&#8221; global_colors_info=&#8221;{}&#8221;][et_pb_column type=&#8221;4_4&#8243; _builder_version=&#8221;4.27.4&#8243; _module_preset=&#8221;default&#8221; global_colors_info=&#8221;{}&#8221;][et_pb_tabs active_tab_background_color=&#8221;#d72a2b&#8221; inactive_tab_background_color=&#8221;#FFFFFF&#8221; active_tab_text_color=&#8221;#FFFFFF&#8221; _builder_version=&#8221;4.27.4&#8243; _module_preset=&#8221;default&#8221; tab_text_color=&#8221;#000000&#8243; background_color=&#8221;#FFFFFF&#8221; hover_enabled=&#8221;0&#8243; global_colors_info=&#8221;{%22gcid-heading-color%22:%91%22active_tab_background_color%22%93}&#8221; sticky_enabled=&#8221;0&#8243;][et_pb_tab title=&#8221;\u00c9ducation Primaire&#8221; _builder_version=&#8221;4.27.4&#8243; _module_preset=&#8221;default&#8221; global_colors_info=&#8221;{}&#8221;]<\/p>\n<p><img loading=\"lazy\" decoding=\"async\" src=\"https:\/\/fej-canada.ca\/wp-content\/uploads\/how-we-help-header-1024x427.jpg\" width=\"1024\" height=\"427\" alt=\"Comment nous aidons\" class=\"wp-image-72205 aligncenter size-large\" srcset=\"https:\/\/fej-canada.ca\/wp-content\/uploads\/how-we-help-header-980x408.jpg 980w, https:\/\/fej-canada.ca\/wp-content\/uploads\/how-we-help-header-480x200.jpg 480w\" sizes=\"(min-width: 0px) and (max-width: 480px) 480px, (min-width: 481px) and (max-width: 980px) 980px, (min-width: 981px) 1024px, 100vw\" \/><\/p>\n<p>Notre <strong>programme de l&#8217;\u00e9cole primaire<\/strong> vise \u00e0 combler le foss\u00e9 de l&#8217;alphab\u00e9tisation pour les enfants dans les r\u00e9gions d\u00e9favoris\u00e9es \u00e0 travers le monde. En offrant un acc\u00e8s \u00e0 une \u00e9ducation de qualit\u00e9 et en favorisant l&#8217;amour de l&#8217;apprentissage, nous dotons les \u00e9tudiants des outils n\u00e9cessaires pour s&#8217;\u00e9panouir sur le plan acad\u00e9mique et personnel. En r\u00e9ponse aux catastrophes mondiales et aux troubles dans les pays en d\u00e9veloppement, nous avons mis en place <strong>un programme de soutien psychologique et en sant\u00e9 mentale<\/strong>, garantissant le bien-\u00eatre \u00e9motionnel des \u00e9l\u00e8ves et des enseignants tout en favorisant le succ\u00e8s acad\u00e9mique.<\/p>\n<p>[\/et_pb_tab][et_pb_tab title=&#8221;Chache Lavi&#8221; _builder_version=&#8221;4.27.4&#8243; _module_preset=&#8221;default&#8221; hover_enabled=&#8221;0&#8243; global_colors_info=&#8221;{}&#8221; sticky_enabled=&#8221;0&#8243;]<\/p>\n<p><img loading=\"lazy\" decoding=\"async\" src=\"https:\/\/fej-canada.ca\/wp-content\/uploads\/seeking-life-1024x427.jpg\" width=\"1024\" height=\"427\" alt=\"\" class=\"wp-image-72217 aligncenter size-large\" srcset=\"https:\/\/fej-canada.ca\/wp-content\/uploads\/seeking-life-980x408.jpg 980w, https:\/\/fej-canada.ca\/wp-content\/uploads\/seeking-life-480x200.jpg 480w\" sizes=\"(min-width: 0px) and (max-width: 480px) 480px, (min-width: 481px) and (max-width: 980px) 980px, (min-width: 981px) 1024px, 100vw\" \/><\/p>\n<p>En mettant l&#8217;accent sur <strong>l&#8217;\u00e9galit\u00e9 des genres et l&#8217;autonomisation<\/strong>, ce programme offre aux femmes \u2014 et de plus en plus aux hommes \u2014 vivant dans des zones \u00e0 haut risque les outils n\u00e9cessaires pour am\u00e9liorer leur bien-\u00eatre personnel et \u00e9conomique, en se concentrant sur les comp\u00e9tences en gestion cognitive, mentale, \u00e9motionnelle et financi\u00e8re. \u00c0 ce jour, plus de 500 participants ont compl\u00e9t\u00e9 le programme, acquis des comp\u00e9tences essentielles et se sont r\u00e9int\u00e9gr\u00e9s dans leurs communaut\u00e9s en tant qu&#8217;individus autonomes et confiants.<\/p>\n<p>[\/et_pb_tab][et_pb_tab title=&#8221;Programme VIH et Malnutrition &#8221; _builder_version=&#8221;4.27.4&#8243; _module_preset=&#8221;default&#8221; hover_enabled=&#8221;0&#8243; global_colors_info=&#8221;{}&#8221; sticky_enabled=&#8221;0&#8243;]<\/p>\n<p><img loading=\"lazy\" decoding=\"async\" src=\"https:\/\/fej-canada.ca\/wp-content\/uploads\/seeking-life-1024x427.jpg\" width=\"1024\" height=\"427\" alt=\"\" class=\"wp-image-72217 aligncenter size-large\" srcset=\"https:\/\/fej-canada.ca\/wp-content\/uploads\/seeking-life-980x408.jpg 980w, https:\/\/fej-canada.ca\/wp-content\/uploads\/seeking-life-480x200.jpg 480w\" sizes=\"(min-width: 0px) and (max-width: 480px) 480px, (min-width: 481px) and (max-width: 980px) 980px, (min-width: 981px) 1024px, 100vw\" \/><\/p>\n<p>Un programme complet visant \u00e0 r\u00e9duire la mortalit\u00e9 infantile en garantissant l&#8217;acc\u00e8s aux services de sant\u00e9 pour les enfants ha\u00eftiens touch\u00e9s par le VIH et\/ou s\u00e9v\u00e8rement malnutris. Ce programme est mis en \u0153uvre selon une approche holistique par une \u00e9quipe pluridisciplinaire de personnel m\u00e9dical qualifi\u00e9 et exp\u00e9riment\u00e9.<\/p>\n<p>[\/et_pb_tab][et_pb_tab title=&#8221;Aide humanitaire en cas de catastrophe&#8221; _builder_version=&#8221;4.27.4&#8243; _module_preset=&#8221;default&#8221; hover_enabled=&#8221;0&#8243; global_colors_info=&#8221;{}&#8221; sticky_enabled=&#8221;0&#8243;]<\/p>\n<p><img loading=\"lazy\" decoding=\"async\" src=\"https:\/\/fej-canada.ca\/wp-content\/uploads\/humanitarian-disaster-relief-1024x427.jpg\" width=\"1024\" height=\"427\" alt=\"\" class=\"wp-image-72220 aligncenter size-large\" srcset=\"https:\/\/fej-canada.ca\/wp-content\/uploads\/humanitarian-disaster-relief-980x408.jpg 980w, https:\/\/fej-canada.ca\/wp-content\/uploads\/humanitarian-disaster-relief-480x200.jpg 480w\" sizes=\"(min-width: 0px) and (max-width: 480px) 480px, (min-width: 481px) and (max-width: 980px) 980px, (min-width: 981px) 1024px, 100vw\" \/><\/p>\n<p>En temps de crise, FEJ Canada va au-del\u00e0 de l&#8217;\u00e9ducation pour fournir une<strong> aide humanitaire imm\u00e9diate.<\/strong> Notre <strong>programme d&#8217;aide humanitaire en cas de catastrophe<\/strong> fournit un soutien essentiel aux communaut\u00e9s vuln\u00e9rables touch\u00e9es par des catastrophes naturelles telles que des tremblements de terre et des ouragans. Les missions de secours comprennent la distribution de nourriture, de m\u00e9dicaments et de soutien psychologique, aidant les survivants \u00e0 reconstruire leur vie et \u00e0 retrouver la stabilit\u00e9.<\/p>\n<p>[\/et_pb_tab][\/et_pb_tabs][\/et_pb_column][\/et_pb_row][\/et_pb_section][et_pb_section fb_built=&#8221;1&#8243; _builder_version=&#8221;4.27.4&#8243; _module_preset=&#8221;default&#8221; use_background_color_gradient=&#8221;on&#8221; background_color_gradient_stops=&#8221;gcid-a9c3adc8-46a2-4f80-adf8-d194e50183f6 0%|gcid-body-color 100%&#8221; animation_style=&#8221;fade&#8221; da_disable_devices=&#8221;off|off|off&#8221; global_colors_info=&#8221;{%22gcid-a9c3adc8-46a2-4f80-adf8-d194e50183f6%22:%91%22background_color_gradient_stops%22%93,%22gcid-992f014b-a570-4bb3-86ef-451bf52c7d0a%22:%91%22background_color_gradient_stops%22%93,%22gcid-body-color%22:%91%22background_color_gradient_stops%22%93}&#8221; da_is_popup=&#8221;off&#8221; da_exit_intent=&#8221;off&#8221; da_has_close=&#8221;on&#8221; da_alt_close=&#8221;off&#8221; da_dark_close=&#8221;off&#8221; da_not_modal=&#8221;on&#8221; da_is_singular=&#8221;off&#8221; da_with_loader=&#8221;off&#8221; da_has_shadow=&#8221;on&#8221;][et_pb_row column_structure=&#8221;3_5,2_5&#8243; make_equal=&#8221;on&#8221; _builder_version=&#8221;4.27.4&#8243; _module_preset=&#8221;default&#8221; global_colors_info=&#8221;{}&#8221;][et_pb_column type=&#8221;3_5&#8243; _builder_version=&#8221;4.27.4&#8243; _module_preset=&#8221;default&#8221; global_colors_info=&#8221;{}&#8221;][ba_gradient_heading title=&#8221;Notre engagement envers un avenir meilleur&#8221; html_tag=&#8221;h2&#8243; primary_color=&#8221;gcid-heading-color&#8221; primary_color_location=&#8221;30&#8243; secondary_color=&#8221;#FFFFFF&#8221; secondary_color_location=&#8221;55&#8243; angle=&#8221;45&#8243; _builder_version=&#8221;4.27.4&#8243; _module_preset=&#8221;default&#8221; title_font_size=&#8221;3rem&#8221; global_colors_info=&#8221;{%22gcid-heading-color%22:%91%22primary_color%22%93}&#8221;][\/ba_gradient_heading][et_pb_text _builder_version=&#8221;4.27.4&#8243; _module_preset=&#8221;default&#8221; text_text_color=&#8221;#FFFFFF&#8221; global_colors_info=&#8221;{}&#8221;]<\/p>\n<p>Les programmes de FEJ Canada refl\u00e8tent notre mission in\u00e9branlable<strong> d&#8217;all\u00e9ger la pauvret\u00e9<\/strong>, <strong>de promouvoir l&#8217;\u00e9ducation<\/strong> et <strong>de favoriser le bien-\u00eatre de la communaut\u00e9<\/strong> \u00e0 l&#8217;\u00e9chelle mondiale. En tant qu&#8217;organisation \u00e0 but non lucratif non religieuse, nous comptons sur des subventions publiques et priv\u00e9es ainsi que sur des dons individuels pour soutenir nos initiatives. Nous sommes fiers d&#8217;offrir des opportunit\u00e9s inclusives \u00e0 tous, sans distinction de race, d&#8217;ethnie, de religion ou d&#8217;affiliation politique, alors que nous travaillons \u00e0 cr\u00e9er un avenir plus \u00e9quitable et durable.<\/p>\n<p>[\/et_pb_text][\/et_pb_column][et_pb_column type=&#8221;2_5&#8243; _builder_version=&#8221;4.27.4&#8243; _module_preset=&#8221;default&#8221; custom_css_main_element=&#8221;margin: auto;&#8221; global_colors_info=&#8221;{}&#8221;][et_pb_image src=&#8221;https:\/\/fej-canada.ca\/wp-content\/uploads\/fej-donate-3.jpg&#8221; title_text=&#8221;fej-donate-3&#8243; align=&#8221;center&#8221; _builder_version=&#8221;4.27.4&#8243; _module_preset=&#8221;default&#8221; animation_style=&#8221;slide&#8221; animation_direction=&#8221;right&#8221; global_colors_info=&#8221;{}&#8221;][\/et_pb_image][\/et_pb_column][\/et_pb_row][\/et_pb_section][et_pb_section fb_built=&#8221;1&#8243; _builder_version=&#8221;4.27.4&#8243; _module_preset=&#8221;default&#8221; da_disable_devices=&#8221;off|off|off&#8221; global_colors_info=&#8221;{}&#8221; da_is_popup=&#8221;off&#8221; da_exit_intent=&#8221;off&#8221; da_has_close=&#8221;on&#8221; da_alt_close=&#8221;off&#8221; da_dark_close=&#8221;off&#8221; da_not_modal=&#8221;on&#8221; da_is_singular=&#8221;off&#8221; da_with_loader=&#8221;off&#8221; da_has_shadow=&#8221;on&#8221;][et_pb_row _builder_version=&#8221;4.27.4&#8243; _module_preset=&#8221;default&#8221; global_colors_info=&#8221;{}&#8221;][et_pb_column type=&#8221;4_4&#8243; _builder_version=&#8221;4.27.4&#8243; _module_preset=&#8221;default&#8221; global_colors_info=&#8221;{}&#8221;][et_pb_text _builder_version=&#8221;4.27.4&#8243; _module_preset=&#8221;default&#8221; text_font=&#8221;|700|on||||||&#8221; text_text_color=&#8221;gcid-992f014b-a570-4bb3-86ef-451bf52c7d0a&#8221; text_font_size=&#8221;22px&#8221; text_orientation=&#8221;center&#8221; global_colors_info=&#8221;{%22gcid-992f014b-a570-4bb3-86ef-451bf52c7d0a%22:%91%22text_text_color%22%93}&#8221;]<\/p>\n<p>Ensemble, nous pouvons faire une diff\u00e9rence significative. Rompons le cycle de la pauvret\u00e9 en promouvant un d\u00e9veloppement humain durable !<\/p>\n<p>[\/et_pb_text][\/et_pb_column][\/et_pb_row][\/et_pb_section]<\/p>\n","protected":false},"excerpt":{"rendered":"<p>Programmes d&#8217;\u00e9ducation mondialeNotre engagement envers un avenir meilleurQui sommes-nous ?Au c\u0153ur de notre organisation se trouve une profonde passion pour faire une diff\u00e9rence. Notre \u00e9quipe d\u00e9di\u00e9e adopte une approche holistique, r\u00e9pondant aux besoins divers des enfants et des familles avec un engagement ferme en faveur de la protection de l&#8217;enfance et de la pr\u00e9servation de [&hellip;]<\/p>\n","protected":false},"author":1,"featured_media":0,"parent":0,"menu_order":0,"comment_status":"closed","ping_status":"closed","template":"","meta":{"_et_pb_use_builder":"on","_et_pb_old_content":"","_et_gb_content_width":"","footnotes":""},"class_list":["post-72506","page","type-page","status-publish","hentry"],"_links":{"self":[{"href":"https:\/\/fej-canada.ca\/fr\/wp-json\/wp\/v2\/pages\/72506","targetHints":{"allow":["GET"]}}],"collection":[{"href":"https:\/\/fej-canada.ca\/fr\/wp-json\/wp\/v2\/pages"}],"about":[{"href":"https:\/\/fej-canada.ca\/fr\/wp-json\/wp\/v2\/types\/page"}],"author":[{"embeddable":true,"href":"https:\/\/fej-canada.ca\/fr\/wp-json\/wp\/v2\/users\/1"}],"replies":[{"embeddable":true,"href":"https:\/\/fej-canada.ca\/fr\/wp-json\/wp\/v2\/comments?post=72506"}],"version-history":[{"count":5,"href":"https:\/\/fej-canada.ca\/fr\/wp-json\/wp\/v2\/pages\/72506\/revisions"}],"predecessor-version":[{"id":72518,"href":"https:\/\/fej-canada.ca\/fr\/wp-json\/wp\/v2\/pages\/72506\/revisions\/72518"}],"wp:attachment":[{"href":"https:\/\/fej-canada.ca\/fr\/wp-json\/wp\/v2\/media?parent=72506"}],"curies":[{"name":"wp","href":"https:\/\/api.w.org\/{rel}","templated":true}]}}