{"id":72489,"date":"2025-03-15T12:04:49","date_gmt":"2025-03-15T16:04:49","guid":{"rendered":"https:\/\/fej-canada.ca\/a-propos-fej\/"},"modified":"2025-05-25T12:56:02","modified_gmt":"2025-05-25T16:56:02","slug":"a-propos-fej","status":"publish","type":"page","link":"https:\/\/fej-canada.ca\/fr\/a-propos-fej\/","title":{"rendered":"\u00c0 propos FEJ"},"content":{"rendered":"<p>[et_pb_section fb_built=&#8221;1&#8243; _builder_version=&#8221;4.27.4&#8243; _module_preset=&#8221;default&#8221; background_image=&#8221;https:\/\/fej-canada.ca\/wp-content\/uploads\/about-header-v2.jpg&#8221; custom_margin=&#8221;||||false|false&#8221; custom_padding=&#8221;10vw||10vw|2vw|false|false&#8221; animation_style=&#8221;fade&#8221; da_disable_devices=&#8221;off|off|off&#8221; border_color_all=&#8221;gcid-992f014b-a570-4bb3-86ef-451bf52c7d0a&#8221; border_width_bottom=&#8221;10px&#8221; global_colors_info=&#8221;{%22gcid-992f014b-a570-4bb3-86ef-451bf52c7d0a%22:%91%22border_color_all%22,%22border_color_bottom%22%93}&#8221; da_is_popup=&#8221;off&#8221; da_exit_intent=&#8221;off&#8221; da_has_close=&#8221;on&#8221; da_alt_close=&#8221;off&#8221; da_dark_close=&#8221;off&#8221; da_not_modal=&#8221;on&#8221; da_is_singular=&#8221;off&#8221; da_with_loader=&#8221;off&#8221; da_has_shadow=&#8221;on&#8221;][et_pb_row _builder_version=&#8221;4.27.4&#8243; _module_preset=&#8221;default&#8221; background_color=&#8221;rgba(255,255,255,0.65)&#8221; width=&#8221;30%&#8221; module_alignment=&#8221;left&#8221; custom_margin=&#8221;|||2vw|false|false&#8221; custom_padding=&#8221;4vw|2vw|4vw|2vw|true|true&#8221; animation_style=&#8221;slide&#8221; animation_direction=&#8221;left&#8221; animation_delay=&#8221;500ms&#8221; box_shadow_style=&#8221;preset2&#8243; global_colors_info=&#8221;{}&#8221;][et_pb_column type=&#8221;4_4&#8243; _builder_version=&#8221;4.16&#8243; _module_preset=&#8221;default&#8221; global_colors_info=&#8221;{}&#8221;][et_pb_text _builder_version=&#8221;4.27.4&#8243; _module_preset=&#8221;default&#8221; header_3_font=&#8221;|700|||||||&#8221; header_3_text_align=&#8221;left&#8221; header_3_font_size=&#8221;30px&#8221; global_colors_info=&#8221;{}&#8221;]<\/p>\n<h3>Notre histoire<\/h3>\n<p>[\/et_pb_text][et_pb_text _builder_version=&#8221;4.27.4&#8243; _module_preset=&#8221;default&#8221; text_font_size=&#8221;20px&#8221; global_colors_info=&#8221;{}&#8221;]<\/p>\n<p>Une d\u00e9cennie d&#8217;impact transformateur<\/p>\n<p>[\/et_pb_text][\/et_pb_column][\/et_pb_row][\/et_pb_section][et_pb_section fb_built=&#8221;1&#8243; _builder_version=&#8221;4.27.4&#8243; _module_preset=&#8221;default&#8221; custom_margin_tablet=&#8221;25vw||||false|false&#8221; custom_margin_phone=&#8221;60vw||||false|false&#8221; custom_margin_last_edited=&#8221;on|phone&#8221; da_disable_devices=&#8221;off|off|off&#8221; global_colors_info=&#8221;{}&#8221; da_is_popup=&#8221;off&#8221; da_exit_intent=&#8221;off&#8221; da_has_close=&#8221;on&#8221; da_alt_close=&#8221;off&#8221; da_dark_close=&#8221;off&#8221; da_not_modal=&#8221;on&#8221; da_is_singular=&#8221;off&#8221; da_with_loader=&#8221;off&#8221; da_has_shadow=&#8221;on&#8221;][et_pb_row column_structure=&#8221;1_2,1_2&#8243; make_equal=&#8221;on&#8221; _builder_version=&#8221;4.27.4&#8243; _module_preset=&#8221;default&#8221; max_width=&#8221;100%&#8221; custom_margin=&#8221;0vw|auto||auto|false|false&#8221; custom_padding=&#8221;0px||0px|||&#8221; hover_enabled=&#8221;0&#8243; global_colors_info=&#8221;{}&#8221; sticky_enabled=&#8221;0&#8243;][et_pb_column type=&#8221;1_2&#8243; _builder_version=&#8221;4.16&#8243; _module_preset=&#8221;default&#8221; global_colors_info=&#8221;{}&#8221;][et_pb_text _builder_version=&#8221;4.27.4&#8243; _module_preset=&#8221;default&#8221; header_2_font=&#8221;|700|||||||&#8221; header_2_text_align=&#8221;left&#8221; header_2_text_color=&#8221;gcid-a9c3adc8-46a2-4f80-adf8-d194e50183f6&#8243; header_2_font_size=&#8221;20px&#8221; custom_margin=&#8221;||0px||false|false&#8221; hover_enabled=&#8221;0&#8243; global_colors_info=&#8221;{%22gcid-a9c3adc8-46a2-4f80-adf8-d194e50183f6%22:%91%22header_2_text_color%22%93}&#8221; header_font_size=&#8221;22px&#8221; sticky_enabled=&#8221;0&#8243;]<\/p>\n<h2>Fond\u00e9e en 2012, la Fondation Enfant Jeunesse (FEJ) s&#8217;est lanc\u00e9e dans une mission audacieuse pour briser le cycle de la pauvret\u00e9.<\/h2>\n<p>[\/et_pb_text][et_pb_text _builder_version=&#8221;4.27.4&#8243; _module_preset=&#8221;default&#8221; header_2_font=&#8221;Dancing Script|700|||||||&#8221; header_2_text_align=&#8221;right&#8221; header_2_font_size=&#8221;34px&#8221; hover_enabled=&#8221;0&#8243; custom_css_main_element=&#8221;margin: auto;&#8221; global_colors_info=&#8221;{}&#8221; text_line_height=&#8221;1.2em&#8221; sticky_enabled=&#8221;0&#8243;]<\/p>\n<p>Ce qui a commenc\u00e9 comme un partenariat avec une \u00e9cole rurale de 360 enfants \u00e0 Lamardelle, en Ha\u00efti, s&#8217;est transform\u00e9 en une force mondiale de changement.<\/p>\n<p>Aujourd&#8217;hui, la FEJ est fi\u00e8re d&#8217;\u00eatre un r\u00e9seau international compos\u00e9 de cinq branches \u00e0 but non lucratif r\u00e9parties entre Ha\u00efti, les \u00c9tats-Unis, le Canada et la France. Notre port\u00e9e s&#8217;est \u00e9tendue bien au-del\u00e0 de nos racines initiales, touchant des vies \u00e0 travers Ha\u00efti et au-del\u00e0. <\/p>\n<p>[\/et_pb_text][\/et_pb_column][et_pb_column type=&#8221;1_2&#8243; _builder_version=&#8221;4.27.4&#8243; _module_preset=&#8221;default&#8221; hover_enabled=&#8221;0&#8243; custom_css_main_element=&#8221;margin: auto;&#8221; global_colors_info=&#8221;{}&#8221; sticky_enabled=&#8221;0&#8243;][et_pb_image src=&#8221;https:\/\/fej-canada.ca\/wp-content\/uploads\/about-header.jpg&#8221; title_text=&#8221;\u00e0 propos de l&#039;en-t\u00eate&#8221; align=&#8221;center&#8221; _builder_version=&#8221;4.27.4&#8243; _module_preset=&#8221;default&#8221; animation_style=&#8221;slide&#8221; animation_direction=&#8221;right&#8221; box_shadow_style=&#8221;preset3&#8243; global_colors_info=&#8221;{}&#8221;][\/et_pb_image][\/et_pb_column][\/et_pb_row][et_pb_row column_structure=&#8221;1_2,1_2&#8243; use_custom_gutter=&#8221;on&#8221; gutter_width=&#8221;2&#8243; make_equal=&#8221;on&#8221; _builder_version=&#8221;4.27.4&#8243; _module_preset=&#8221;default&#8221; max_width=&#8221;100%&#8221; custom_margin=&#8221;4vw||4vw||true|false&#8221; global_colors_info=&#8221;{}&#8221;][et_pb_column type=&#8221;1_2&#8243; _builder_version=&#8221;4.27.4&#8243; _module_preset=&#8221;default&#8221; use_background_color_gradient=&#8221;on&#8221; background_color_gradient_stops=&#8221;gcid-a9c3adc8-46a2-4f80-adf8-d194e50183f6 0%|gcid-body-color 100%&#8221; custom_padding=&#8221;2vw|2vw|2vw|2vw|true|true&#8221; animation_style=&#8221;slide&#8221; animation_direction=&#8221;left&#8221; global_colors_info=&#8221;{%22gcid-a9c3adc8-46a2-4f80-adf8-d194e50183f6%22:%91%22background_color_gradient_stops%22%93,%22gcid-body-color%22:%91%22background_color_gradient_stops%22%93}&#8221;][et_pb_text _builder_version=&#8221;4.27.4&#8243; _module_preset=&#8221;default&#8221; text_text_color=&#8221;#FFFFFF&#8221; hover_enabled=&#8221;0&#8243; global_colors_info=&#8221;{}&#8221; sticky_enabled=&#8221;0&#8243;]Au c\u0153ur de ce r\u00e9seau mondial, la FEJ Canada joue un r\u00f4le essentiel :[\/et_pb_text][et_pb_text _builder_version=&#8221;4.27.4&#8243; _module_preset=&#8221;default&#8221; text_text_color=&#8221;#FFFFFF&#8221; hover_enabled=&#8221;0&#8243; global_colors_info=&#8221;{}&#8221; sticky_enabled=&#8221;0&#8243;]<\/p>\n<ul>\n<li>Mener des actions de collecte de fonds pour financer nos programmes de transformation en Ha\u00efti<\/li>\n<li>Mener des initiatives innovantes en mati\u00e8re d&#8217;\u00e9ducation et de d\u00e9veloppement au Canada<\/li>\n<li>Construire des ponts d&#8217;espoir entre les communaut\u00e9s, au-del\u00e0 des fronti\u00e8res et des cultures<\/li>\n<\/ul>\n<p>[\/et_pb_text][\/et_pb_column][et_pb_column type=&#8221;1_2&#8243; _builder_version=&#8221;4.27.4&#8243; _module_preset=&#8221;default&#8221; custom_css_main_element=&#8221;margin: auto;&#8221; global_colors_info=&#8221;{}&#8221;][et_pb_text _builder_version=&#8221;4.27.4&#8243; _module_preset=&#8221;default&#8221; text_font=&#8221;|700|||||||&#8221; text_text_color=&#8221;gcid-heading-color&#8221; text_font_size=&#8221;22px&#8221; global_colors_info=&#8221;{%22gcid-heading-color%22:%91%22text_text_color%22%93}&#8221;]<\/p>\n<p>FEJ Canada : Un catalyseur de changement<\/p>\n<p>[\/et_pb_text][et_pb_text _builder_version=&#8221;4.27.4&#8243; _module_preset=&#8221;default&#8221; hover_enabled=&#8221;0&#8243; global_colors_info=&#8221;{}&#8221; text_line_height=&#8221;1.2em&#8221; sticky_enabled=&#8221;0&#8243;]<\/p>\n<p>Avec une d\u00e9termination in\u00e9branlable, nous ouvrons la voie \u00e0 l&#8217;autonomisation et aux opportunit\u00e9s. Notre engagement reste in\u00e9branlable : assurer un avenir meilleur aux personnes dans le besoin, o\u00f9 qu&#8217;elles se trouvent. <\/p>\n<p>En r\u00e9fl\u00e9chissant \u00e0 notre parcours, nous sommes fiers de nos r\u00e9alisations et stimul\u00e9s par les d\u00e9fis qui nous attendent. L&#8217;histoire de la FEJ est celle de la croissance, de la r\u00e9silience et du pouvoir de l&#8217;action collective. Ensemble, nous continuons \u00e0 \u00e9crire de nouveaux chapitres d&#8217;espoir et de transformation.  <\/p>\n<p>[\/et_pb_text][\/et_pb_column][\/et_pb_row][et_pb_row make_equal=&#8221;on&#8221; _builder_version=&#8221;4.27.4&#8243; _module_preset=&#8221;default&#8221; max_width=&#8221;100%&#8221; custom_padding=&#8221;0px||0px|||&#8221; hover_enabled=&#8221;0&#8243; global_colors_info=&#8221;{}&#8221; column_structure=&#8221;1_2,1_2&#8243; sticky_enabled=&#8221;0&#8243;][et_pb_column type=&#8221;1_2&#8243; _builder_version=&#8221;4.27.4&#8243; _module_preset=&#8221;default&#8221; background_enable_color=&#8221;off&#8221; custom_padding=&#8221;2vw|1vw|2vw|1vw|true|true&#8221; global_colors_info=&#8221;{%22gcid-992f014b-a570-4bb3-86ef-451bf52c7d0a%22:%91%22background_color%22%93}&#8221;][ba_gradient_heading title=&#8221;Un v\u00e9ritable souci d&#039;excellence acad\u00e9mique&#8221; html_tag=&#8221;h2&#8243; primary_color=&#8221;gcid-a9c3adc8-46a2-4f80-adf8-d194e50183f6&#8243; secondary_color=&#8221;gcid-heading-color&#8221; primary_color_location=&#8221;30&#8243; secondary_color_location=&#8221;70&#8243; angle=&#8221;45&#8243; title_font_size=&#8221;3rem&#8221; _builder_version=&#8221;4.27.4&#8243; _module_preset=&#8221;default&#8221; hover_enabled=&#8221;0&#8243; sticky_enabled=&#8221;0&#8243; global_colors_info=&#8221;{%22gcid-a9c3adc8-46a2-4f80-adf8-d194e50183f6%22:%91%22primary_color%22%93,%22gcid-heading-color%22:%91%22secondary_color%22%93}&#8221; title_line_height=&#8221;1em&#8221; custom_margin=&#8221;0px||0px||true|false&#8221; custom_padding=&#8221;0px||0px||true|false&#8221;][\/ba_gradient_heading][et_pb_text _builder_version=&#8221;4.27.4&#8243; _module_preset=&#8221;default&#8221; text_text_color=&#8221;#000000&#8243; hover_enabled=&#8221;0&#8243; global_colors_info=&#8221;{}&#8221; sticky_enabled=&#8221;0&#8243;]FEJ Canada travaille \u00e0 :[\/et_pb_text][\/et_pb_column][et_pb_column type=&#8221;1_2&#8243; _builder_version=&#8221;4.27.4&#8243; _module_preset=&#8221;default&#8221; background_enable_color=&#8221;off&#8221; custom_padding=&#8221;2vw|1vw|2vw|1vw|true|true&#8221; hover_enabled=&#8221;0&#8243; global_colors_info=&#8221;{%22gcid-992f014b-a570-4bb3-86ef-451bf52c7d0a%22:%91%22background_color%22%93}&#8221; custom_css_main_element=&#8221;margin: auto;&#8221; sticky_enabled=&#8221;0&#8243;][\/et_pb_column][\/et_pb_row][et_pb_row column_structure=&#8221;2_5,3_5&#8243; use_custom_gutter=&#8221;on&#8221; gutter_width=&#8221;2&#8243; make_equal=&#8221;on&#8221; _builder_version=&#8221;4.27.4&#8243; _module_preset=&#8221;default&#8221; max_width=&#8221;100%&#8221; custom_padding=&#8221;0px||0px|||&#8221; global_colors_info=&#8221;{}&#8221;][et_pb_column type=&#8221;2_5&#8243; _builder_version=&#8221;4.27.4&#8243; _module_preset=&#8221;default&#8221; background_enable_color=&#8221;off&#8221; custom_padding=&#8221;2vw|1vw|2vw|1vw|true|true&#8221; global_colors_info=&#8221;{%22gcid-992f014b-a570-4bb3-86ef-451bf52c7d0a%22:%91%22background_color%22%93}&#8221;][et_pb_blurb title=&#8221;Investissez dans nos formateurs&#8221; use_icon=&#8221;on&#8221; font_icon=&#8221;&#x5c;||divi||400&#8243; icon_color=&#8221;gcid-heading-color&#8221; icon_placement=&#8221;left&#8221; _builder_version=&#8221;4.27.4&#8243; _module_preset=&#8221;default&#8221; header_font=&#8221;|600|||||||&#8221; header_text_color=&#8221;gcid-a9c3adc8-46a2-4f80-adf8-d194e50183f6&#8243; header_font_size=&#8221;22px&#8221; body_text_color=&#8221;#000000&#8243; body_font_size=&#8221;16px&#8221; global_colors_info=&#8221;{%22gcid-heading-color%22:%91%22icon_color%22%93,%22gcid-a9c3adc8-46a2-4f80-adf8-d194e50183f6%22:%91%22header_text_color%22%93}&#8221;]<\/p>\n<p>Dispenser la meilleure \u00e9ducation possible en offrant un d\u00e9veloppement professionnel continu aux enseignants et au personnel vivant au sein de la communaut\u00e9.<\/p>\n<p>[\/et_pb_blurb][\/et_pb_column][et_pb_column type=&#8221;3_5&#8243; _builder_version=&#8221;4.27.4&#8243; _module_preset=&#8221;default&#8221; background_enable_color=&#8221;off&#8221; custom_padding=&#8221;2vw|1vw|2vw|1vw|true|true&#8221; global_colors_info=&#8221;{%22gcid-a9c3adc8-46a2-4f80-adf8-d194e50183f6%22:%91%22background_color%22%93}&#8221;][et_pb_blurb title=&#8221;Promouvoir l&#039;\u00e9galit\u00e9 entre les hommes et les femmes&#8221; use_icon=&#8221;on&#8221; font_icon=&#8221;&#x5c;||divi||400&#8243; icon_color=&#8221;gcid-heading-color&#8221; icon_placement=&#8221;left&#8221; _builder_version=&#8221;4.27.4&#8243; _module_preset=&#8221;default&#8221; header_font=&#8221;|600|||||||&#8221; header_text_color=&#8221;gcid-a9c3adc8-46a2-4f80-adf8-d194e50183f6&#8243; header_font_size=&#8221;22px&#8221; body_text_color=&#8221;#000000&#8243; body_font_size=&#8221;16px&#8221; global_colors_info=&#8221;{%22gcid-heading-color%22:%91%22icon_color%22%93,%22gcid-a9c3adc8-46a2-4f80-adf8-d194e50183f6%22:%91%22header_text_color%22%93}&#8221;]<\/p>\n<p>Faciliter l&#8217;acc\u00e8s des filles \u00e0 l \u00ab \u00e9ducation et \u00e0 l \u00bb \u00e9galit\u00e9 des chances en faisant tomber les barri\u00e8res.<\/p>\n<p>[\/et_pb_blurb][\/et_pb_column][\/et_pb_row][et_pb_row column_structure=&#8221;2_5,3_5&#8243; use_custom_gutter=&#8221;on&#8221; gutter_width=&#8221;2&#8243; make_equal=&#8221;on&#8221; _builder_version=&#8221;4.27.4&#8243; _module_preset=&#8221;default&#8221; max_width=&#8221;100%&#8221; custom_padding=&#8221;0px||0px|||&#8221; global_colors_info=&#8221;{}&#8221;][et_pb_column type=&#8221;2_5&#8243; _builder_version=&#8221;4.27.4&#8243; _module_preset=&#8221;default&#8221; background_enable_color=&#8221;off&#8221; custom_padding=&#8221;2vw|1vw|2vw|1vw|true|true&#8221; global_colors_info=&#8221;{%22gcid-992f014b-a570-4bb3-86ef-451bf52c7d0a%22:%91%22background_color%22%93}&#8221;][et_pb_blurb title=&#8221;Soins de sant\u00e9&#8221; use_icon=&#8221;on&#8221; font_icon=&#8221;&#x5c;||divi||400&#8243; icon_color=&#8221;gcid-heading-color&#8221; icon_placement=&#8221;left&#8221; _builder_version=&#8221;4.27.4&#8243; _module_preset=&#8221;default&#8221; header_font=&#8221;|600|||||||&#8221; header_text_color=&#8221;gcid-a9c3adc8-46a2-4f80-adf8-d194e50183f6&#8243; header_font_size=&#8221;22px&#8221; body_text_color=&#8221;#000000&#8243; body_font_size=&#8221;16px&#8221; global_colors_info=&#8221;{%22gcid-heading-color%22:%91%22icon_color%22%93,%22gcid-a9c3adc8-46a2-4f80-adf8-d194e50183f6%22:%91%22header_text_color%22%93}&#8221;]En veillant \u00e0 ce que les \u00e9l\u00e8ves soient en bonne sant\u00e9 et pr\u00eats \u00e0 apprendre en leur fournissant des soins m\u00e9dicaux de base, des services de nutrition et de pr\u00e9vention.[\/et_pb_blurb][\/et_pb_column][et_pb_column type=&#8221;3_5&#8243; _builder_version=&#8221;4.27.4&#8243; _module_preset=&#8221;default&#8221; background_enable_color=&#8221;off&#8221; custom_padding=&#8221;2vw|1vw|2vw|1vw|true|true&#8221; global_colors_info=&#8221;{%22gcid-a9c3adc8-46a2-4f80-adf8-d194e50183f6%22:%91%22background_color%22%93}&#8221;][et_pb_blurb title=&#8221;Soutenir les familles&#8221; use_icon=&#8221;on&#8221; font_icon=&#8221;&#x5c;||divi||400&#8243; icon_color=&#8221;gcid-heading-color&#8221; icon_placement=&#8221;left&#8221; _builder_version=&#8221;4.27.4&#8243; _module_preset=&#8221;default&#8221; header_font=&#8221;|600|||||||&#8221; header_text_color=&#8221;gcid-a9c3adc8-46a2-4f80-adf8-d194e50183f6&#8243; header_font_size=&#8221;22px&#8221; body_text_color=&#8221;#000000&#8243; body_font_size=&#8221;16px&#8221; global_colors_info=&#8221;{%22gcid-heading-color%22:%91%22icon_color%22%93,%22gcid-a9c3adc8-46a2-4f80-adf8-d194e50183f6%22:%91%22header_text_color%22%93}&#8221;]En offrant un acc\u00e8s aux cr\u00e8ches et aux \u00e9coles maternelles et en veillant \u00e0 ce que les enfants plus \u00e2g\u00e9s aillent \u00e0 l&#8217;\u00e9cole m\u00eame les jours de march\u00e9.[\/et_pb_blurb][\/et_pb_column][\/et_pb_row][et_pb_row column_structure=&#8221;2_5,3_5&#8243; use_custom_gutter=&#8221;on&#8221; gutter_width=&#8221;2&#8243; make_equal=&#8221;on&#8221; _builder_version=&#8221;4.27.4&#8243; _module_preset=&#8221;default&#8221; max_width=&#8221;100%&#8221; custom_padding=&#8221;0px||0px|||&#8221; global_colors_info=&#8221;{}&#8221;][et_pb_column type=&#8221;2_5&#8243; _builder_version=&#8221;4.27.4&#8243; _module_preset=&#8221;default&#8221; background_enable_color=&#8221;off&#8221; custom_padding=&#8221;2vw|1vw|2vw|1vw|true|true&#8221; global_colors_info=&#8221;{%22gcid-992f014b-a570-4bb3-86ef-451bf52c7d0a%22:%91%22background_color%22%93}&#8221;][et_pb_blurb title=&#8221;Offrir une \u00e9ducation compl\u00e8te&#8221; use_icon=&#8221;on&#8221; font_icon=&#8221;&#x5c;||divi||400&#8243; icon_color=&#8221;gcid-heading-color&#8221; icon_placement=&#8221;left&#8221; _builder_version=&#8221;4.27.4&#8243; _module_preset=&#8221;default&#8221; header_font=&#8221;|600|||||||&#8221; header_text_color=&#8221;gcid-a9c3adc8-46a2-4f80-adf8-d194e50183f6&#8243; header_font_size=&#8221;22px&#8221; body_text_color=&#8221;#000000&#8243; body_font_size=&#8221;16px&#8221; global_colors_info=&#8221;{%22gcid-heading-color%22:%91%22icon_color%22%93,%22gcid-a9c3adc8-46a2-4f80-adf8-d194e50183f6%22:%91%22header_text_color%22%93}&#8221;]<\/p>\n<p>En offrant un enseignement \u00e9l\u00e9mentaire et secondaire aux enfants de la r\u00e9gion.<\/p>\n<p>[\/et_pb_blurb][\/et_pb_column][et_pb_column type=&#8221;3_5&#8243; _builder_version=&#8221;4.27.4&#8243; _module_preset=&#8221;default&#8221; background_enable_color=&#8221;off&#8221; custom_padding=&#8221;2vw|1vw|2vw|1vw|true|true&#8221; global_colors_info=&#8221;{%22gcid-a9c3adc8-46a2-4f80-adf8-d194e50183f6%22:%91%22background_color%22%93}&#8221;][et_pb_blurb title=&#8221;\u00c9tablir des partenariats solides&#8221; use_icon=&#8221;on&#8221; font_icon=&#8221;&#x5c;||divi||400&#8243; icon_color=&#8221;gcid-heading-color&#8221; icon_placement=&#8221;left&#8221; _builder_version=&#8221;4.27.4&#8243; _module_preset=&#8221;default&#8221; header_font=&#8221;|600|||||||&#8221; header_text_color=&#8221;gcid-a9c3adc8-46a2-4f80-adf8-d194e50183f6&#8243; header_font_size=&#8221;22px&#8221; body_text_color=&#8221;#000000&#8243; body_font_size=&#8221;16px&#8221; global_colors_info=&#8221;{%22gcid-heading-color%22:%91%22icon_color%22%93,%22gcid-a9c3adc8-46a2-4f80-adf8-d194e50183f6%22:%91%22header_text_color%22%93}&#8221;]<\/p>\n<p>En d\u00e9veloppant une relation parents-enseignants, notamment par le biais de r\u00e9unions trimestrielles, afin que les parents participent pleinement aux progr\u00e8s de leurs enfants.<\/p>\n<p>[\/et_pb_blurb][\/et_pb_column][\/et_pb_row][et_pb_row column_structure=&#8221;2_5,3_5&#8243; use_custom_gutter=&#8221;on&#8221; gutter_width=&#8221;2&#8243; make_equal=&#8221;on&#8221; _builder_version=&#8221;4.27.4&#8243; _module_preset=&#8221;default&#8221; max_width=&#8221;100%&#8221; custom_padding=&#8221;0px||0px|||&#8221; global_colors_info=&#8221;{}&#8221;][et_pb_column type=&#8221;2_5&#8243; _builder_version=&#8221;4.27.4&#8243; _module_preset=&#8221;default&#8221; background_enable_color=&#8221;off&#8221; custom_padding=&#8221;2vw|1vw|2vw|1vw|true|true&#8221; global_colors_info=&#8221;{%22gcid-992f014b-a570-4bb3-86ef-451bf52c7d0a%22:%91%22background_color%22%93}&#8221;][et_pb_blurb title=&#8221;Inspirer par la musique&#8221; use_icon=&#8221;on&#8221; font_icon=&#8221;&#x5c;||divi||400&#8243; icon_color=&#8221;gcid-heading-color&#8221; icon_placement=&#8221;left&#8221; _builder_version=&#8221;4.27.4&#8243; _module_preset=&#8221;default&#8221; header_font=&#8221;|600|||||||&#8221; header_text_color=&#8221;gcid-a9c3adc8-46a2-4f80-adf8-d194e50183f6&#8243; header_font_size=&#8221;22px&#8221; body_text_color=&#8221;#000000&#8243; body_font_size=&#8221;16px&#8221; global_colors_info=&#8221;{%22gcid-heading-color%22:%91%22icon_color%22%93,%22gcid-a9c3adc8-46a2-4f80-adf8-d194e50183f6%22:%91%22header_text_color%22%93}&#8221;]<\/p>\n<p>En encourageant la cr\u00e9ativit\u00e9 et l&#8217;expression \u00e0 travers la fl\u00fbte, le tam-tam, la batterie et la guitare, gr\u00e2ce \u00e0 trois s\u00e9ances de formation musicale par semaine.<\/p>\n<p>[\/et_pb_blurb][\/et_pb_column][et_pb_column type=&#8221;3_5&#8243; _builder_version=&#8221;4.27.4&#8243; _module_preset=&#8221;default&#8221; background_enable_color=&#8221;off&#8221; custom_padding=&#8221;2vw|1vw|2vw|1vw|true|true&#8221; global_colors_info=&#8221;{%22gcid-a9c3adc8-46a2-4f80-adf8-d194e50183f6%22:%91%22background_color%22%93}&#8221;][et_pb_blurb title=&#8221;Fournir les comp\u00e9tences n\u00e9cessaires \u00e0 la vie courante&#8221; use_icon=&#8221;on&#8221; font_icon=&#8221;&#x5c;||divi||400&#8243; icon_color=&#8221;gcid-heading-color&#8221; icon_placement=&#8221;left&#8221; _builder_version=&#8221;4.27.4&#8243; _module_preset=&#8221;default&#8221; header_font=&#8221;|600|||||||&#8221; header_text_color=&#8221;gcid-a9c3adc8-46a2-4f80-adf8-d194e50183f6&#8243; header_font_size=&#8221;22px&#8221; body_text_color=&#8221;#000000&#8243; body_font_size=&#8221;16px&#8221; global_colors_info=&#8221;{%22gcid-heading-color%22:%91%22icon_color%22%93,%22gcid-a9c3adc8-46a2-4f80-adf8-d194e50183f6%22:%91%22header_text_color%22%93}&#8221;]<\/p>\n<p>En enseignant des comp\u00e9tences pratiques telles que l&#8217;agriculture et la couture, nous donnons aux \u00e9l\u00e8ves les moyens de construire un avenir durable.  <\/p>\n<p>[\/et_pb_blurb][\/et_pb_column][\/et_pb_row][\/et_pb_section]<\/p>\n","protected":false},"excerpt":{"rendered":"<p>Notre histoireUne d\u00e9cennie d&#8217;impact transformateurFond\u00e9e en 2012, la Fondation Enfant Jeunesse (FEJ) s&#8217;est lanc\u00e9e dans une mission audacieuse pour briser le cycle de la pauvret\u00e9.Ce qui a commenc\u00e9 comme un partenariat avec une \u00e9cole rurale de 360 enfants \u00e0 Lamardelle, en Ha\u00efti, s&#8217;est transform\u00e9 en une force mondiale de changement. Aujourd&#8217;hui, la FEJ est fi\u00e8re [&hellip;]<\/p>\n","protected":false},"author":1,"featured_media":0,"parent":0,"menu_order":0,"comment_status":"closed","ping_status":"closed","template":"","meta":{"_et_pb_use_builder":"on","_et_pb_old_content":"","_et_gb_content_width":"","footnotes":""},"class_list":["post-72489","page","type-page","status-publish","hentry"],"_links":{"self":[{"href":"https:\/\/fej-canada.ca\/fr\/wp-json\/wp\/v2\/pages\/72489","targetHints":{"allow":["GET"]}}],"collection":[{"href":"https:\/\/fej-canada.ca\/fr\/wp-json\/wp\/v2\/pages"}],"about":[{"href":"https:\/\/fej-canada.ca\/fr\/wp-json\/wp\/v2\/types\/page"}],"author":[{"embeddable":true,"href":"https:\/\/fej-canada.ca\/fr\/wp-json\/wp\/v2\/users\/1"}],"replies":[{"embeddable":true,"href":"https:\/\/fej-canada.ca\/fr\/wp-json\/wp\/v2\/comments?post=72489"}],"version-history":[{"count":7,"href":"https:\/\/fej-canada.ca\/fr\/wp-json\/wp\/v2\/pages\/72489\/revisions"}],"predecessor-version":[{"id":72515,"href":"https:\/\/fej-canada.ca\/fr\/wp-json\/wp\/v2\/pages\/72489\/revisions\/72515"}],"wp:attachment":[{"href":"https:\/\/fej-canada.ca\/fr\/wp-json\/wp\/v2\/media?parent=72489"}],"curies":[{"name":"wp","href":"https:\/\/api.w.org\/{rel}","templated":true}]}}